{"id":1452,"date":"2017-12-21T21:47:51","date_gmt":"2017-12-22T02:47:51","guid":{"rendered":"http:\/\/www.victimservices-york.org\/?page_id=1452"},"modified":"2017-12-21T21:48:29","modified_gmt":"2017-12-22T02:48:29","slug":"donate","status":"publish","type":"page","link":"https:\/\/www.victimservices-york.org\/fr\/donate\/","title":{"rendered":"Donnez"},"content":{"rendered":"<p>[vc_row css_animation=\u00a0\u00bb\u00a0\u00bb row_type=\u00a0\u00bbrow\u00a0\u00bb use_row_as_full_screen_section=\u00a0\u00bbno\u00a0\u00bb type=\u00a0\u00bbfull_width\u00a0\u00bb angled_section=\u00a0\u00bbno\u00a0\u00bb text_align=\u00a0\u00bbcenter\u00a0\u00bb background_image_as_pattern=\u00a0\u00bbwithout_pattern\u00a0\u00bb side_padding=\u00a0\u00bb8&Prime; padding_top=\u00a0\u00bb60&Prime; padding_bottom=\u00a0\u00bb60&Prime;][vc_column][vc_column_text]<\/p>\n<h4><span style=\"color: #3f3571;\">Comment votre argent peut contribuer \u00e0 aider\u00a0:<br \/>\n<\/span><\/h4>\n<p>&nbsp;<\/p>\n<p>Tous les ans, Services aux victimes de la r\u00e9gion de York aide environ 5\u00a0000\u00a0personnes aux prises avec les cons\u00e9quences du crime et de traumatismes subis. Votre don contribue \u00e0 changer les choses. Au nom des clients que nous desservons, nous vous remercions d\u2019envisager de faire un don \u00e0 Services aux victimes.[\/vc_column_text][vc_separator type=\u00a0\u00bbtransparent\u00a0\u00bb thickness=\u00a0\u00bb20&Prime;][vc_row_inner row_type=\u00a0\u00bbrow\u00a0\u00bb type=\u00a0\u00bbfull_width\u00a0\u00bb text_align=\u00a0\u00bbcenter\u00a0\u00bb css_animation=\u00a0\u00bb\u00a0\u00bb el_class=\u00a0\u00bbdonate-items\u00a0\u00bb][vc_column_inner width=\u00a0\u00bb1\/3&Prime;][vc_column_text]<\/p>\n<h3><span style=\"color: #3f3571;\">75 $<\/span><\/h3>\n<p>[\/vc_column_text][vc_separator type=\u00a0\u00bbsmall\u00a0\u00bb position=\u00a0\u00bbcenter\u00a0\u00bb thickness=\u00a0\u00bb1&Prime; width=\u00a0\u00bb5&Prime; width_in_percentages=\u00a0\u00bbyes\u00a0\u00bb][vc_column_text]Parrainez un enfant \u00e0 l\u2019occasion de la rentr\u00e9e scolaire, ce qui comprend un sac \u00e0 dos, des chaussures d\u2019int\u00e9rieur et d\u2019ext\u00e9rieur, une tenue de mise pour l\u2019occasion et des fournitures scolaires (crayons, gommes \u00e0 effacer, etc.)[\/vc_column_text][\/vc_column_inner][vc_column_inner width=\u00a0\u00bb1\/3&Prime;][vc_column_text]<\/p>\n<h3><span style=\"color: #3f3571;\">180 $<\/span><\/h3>\n<p>[\/vc_column_text][vc_separator type=\u00a0\u00bbsmall\u00a0\u00bb position=\u00a0\u00bbcenter\u00a0\u00bb thickness=\u00a0\u00bb1&Prime; width=\u00a0\u00bb5&Prime; width_in_percentages=\u00a0\u00bbyes\u00a0\u00bb][vc_column_text]Cautionnez une intervention sur place (une \u00e9quipe se pr\u00e9sente sur le lieu du crime, \u00e0 une r\u00e9sidence priv\u00e9e, \u00e0 un poste de police ou \u00e0 un h\u00f4pital pour apporter son aide lors d\u2019un homicide, d\u2019un suicide, d\u2019une agression sexuelle et dans d\u2019autres cas)[\/vc_column_text][\/vc_column_inner][vc_column_inner width=\u00a0\u00bb1\/3&Prime;][vc_column_text]<\/p>\n<h3><span style=\"color: #3f3571;\">200 $<\/span><\/h3>\n<p>[\/vc_column_text][vc_separator type=\u00a0\u00bbsmall\u00a0\u00bb position=\u00a0\u00bbcenter\u00a0\u00bb thickness=\u00a0\u00bb1&Prime; width=\u00a0\u00bb5&Prime; width_in_percentages=\u00a0\u00bbyes\u00a0\u00bb][vc_column_text]Parrainez un client qui participe \u00e0 un groupe de soutien aux\u00a0personnes endeuill\u00e9es par\u00a0le suicide[\/vc_column_text][\/vc_column_inner][\/vc_row_inner][vc_separator type=\u00a0\u00bbtransparent\u00a0\u00bb thickness=\u00a0\u00bb20&Prime;][vc_row_inner row_type=\u00a0\u00bbrow\u00a0\u00bb type=\u00a0\u00bbfull_width\u00a0\u00bb text_align=\u00a0\u00bbcenter\u00a0\u00bb css_animation=\u00a0\u00bb\u00a0\u00bb el_class=\u00a0\u00bbdonate-items\u00a0\u00bb][vc_column_inner width=\u00a0\u00bb1\/3&Prime;][vc_column_text]<\/p>\n<h3><span style=\"color: #3f3571;\">200 $<\/span><\/h3>\n<p>[\/vc_column_text][vc_separator type=\u00a0\u00bbsmall\u00a0\u00bb position=\u00a0\u00bbcenter\u00a0\u00bb thickness=\u00a0\u00bb1&Prime; width=\u00a0\u00bb5&Prime; width_in_percentages=\u00a0\u00bbyes\u00a0\u00bb][vc_column_text]Parrainez un client pendant les F\u00eates, ce qui comprend un repas des F\u00eates, des v\u00eatements d\u2019hiver, des articles de base comme des produits de toilette et quelques cadeaux.[\/vc_column_text][\/vc_column_inner][vc_column_inner width=\u00a0\u00bb1\/3&Prime;][vc_column_text]<\/p>\n<h3><span style=\"color: #3f3571;\">200 $<\/span><\/h3>\n<p>[\/vc_column_text][vc_separator type=\u00a0\u00bbsmall\u00a0\u00bb position=\u00a0\u00bbcenter\u00a0\u00bb thickness=\u00a0\u00bb1&Prime; width=\u00a0\u00bb5&Prime; width_in_percentages=\u00a0\u00bbyes\u00a0\u00bb][vc_column_text]Parrainez une victime\u00a0de\u00a0la\u00a0traite des\u00a0personnes, ce qui comprend une petite valise, un surv\u00eatement, des produits de toilette, une couverture et quelques aliments.[\/vc_column_text][\/vc_column_inner][vc_column_inner width=\u00a0\u00bb1\/3&Prime;][vc_column_text]<\/p>\n<h3><span style=\"color: #3f3571;\">500 $<\/span><\/h3>\n<p>[\/vc_column_text][vc_separator type=\u00a0\u00bbsmall\u00a0\u00bb position=\u00a0\u00bbcenter\u00a0\u00bb thickness=\u00a0\u00bb1&Prime; width=\u00a0\u00bb5&Prime; width_in_percentages=\u00a0\u00bbyes\u00a0\u00bb][vc_column_text]Parrainez un b\u00e9n\u00e9vole pendant une ann\u00e9e, ce qui comprend la formation du b\u00e9n\u00e9vole, son perfectionnement professionnel, son kilom\u00e9trage et ses d\u00e9penses.[\/vc_column_text][\/vc_column_inner][\/vc_row_inner][vc_separator type=\u00a0\u00bbtransparent\u00a0\u00bb thickness=\u00a0\u00bb20&Prime;]<a  itemprop=\"url\" href=\"\/wp-content\/uploads\/2017\/06\/Donation-Form.pdf\" target=\"_blank\"  class=\"qbutton  default\" style=\"\">T\u00e9l\u00e9charger le formulaire de dons<i class=\"qode_icon_font_awesome fa fa-download qode_button_icon_element\" style=\"\" ><\/i><\/a>[\/vc_column][\/vc_row][vc_row css_animation=\u00a0\u00bb\u00a0\u00bb row_type=\u00a0\u00bbrow\u00a0\u00bb use_row_as_full_screen_section=\u00a0\u00bbno\u00a0\u00bb type=\u00a0\u00bbfull_width\u00a0\u00bb angled_section=\u00a0\u00bbno\u00a0\u00bb text_align=\u00a0\u00bbleft\u00a0\u00bb background_image_as_pattern=\u00a0\u00bbwithout_pattern\u00a0\u00bb el_class=\u00a0\u00bbcanadahelps-row\u00a0\u00bb][vc_column]<div class=\"call_to_action normal\" style=\"background-color: #3f3571;padding-top: 60px;padding-bottom: 60px;\"><div class=\"container_inner\"><div class=\"two_columns_75_25 clearfix\"><div class=\"text_wrapper column1\"><div class=\"call_to_action_text \" style=\"\"><img decoding=\"async\" loading=\"lazy\" class=\"canada-helps-logo alignnone wp-image-1392 size-medium\" src=\"http:\/\/dev.victimservices-york.org\/wp-content\/uploads\/2017\/03\/canada-helps-logo-300x167.png\" alt=\"\" width=\"300\" height=\"167\" srcset=\"https:\/\/www.victimservices-york.org\/wp-content\/uploads\/2017\/03\/canada-helps-logo-300x167.png 300w, https:\/\/www.victimservices-york.org\/wp-content\/uploads\/2017\/03\/canada-helps-logo.png 306w\" sizes=\"(max-width: 300px) 100vw, 300px\" \/>Effectuez votre don par l\u2019interm\u00e9diaire de CanaDon.org<\/div><\/div><div class=\"button_wrapper column2\"><a itemprop=\"url\" href=\"https:\/\/www.canadahelps.org\/dn\/15318\" class=\"qbutton white \" target=\"_blank\" style=\"\">Consultez le site \u00e0 CanaDon.org<\/a><\/div><\/div><\/div><\/div>[\/vc_column][\/vc_row]<\/p>\n","protected":false},"excerpt":{"rendered":"<p>[vc_row css_animation=\u00a0\u00bb\u00a0\u00bb row_type=\u00a0\u00bbrow\u00a0\u00bb use_row_as_full_screen_section=\u00a0\u00bbno\u00a0\u00bb type=\u00a0\u00bbfull_width\u00a0\u00bb angled_section=\u00a0\u00bbno\u00a0\u00bb text_align=\u00a0\u00bbcenter\u00a0\u00bb background_image_as_pattern=\u00a0\u00bbwithout_pattern\u00a0\u00bb side_padding=\u00a0\u00bb8&Prime; padding_top=\u00a0\u00bb60&Prime; padding_bottom=\u00a0\u00bb60&Prime;][vc_column][vc_column_text] Comment votre argent peut contribuer \u00e0 aider\u00a0: &nbsp; Tous les ans, Services aux victimes de la r\u00e9gion de York aide environ 5\u00a0000\u00a0personnes aux prises avec les cons\u00e9quences du crime et de traumatismes subis. Votre&#8230;<\/p>\n","protected":false},"author":1,"featured_media":0,"parent":0,"menu_order":0,"comment_status":"closed","ping_status":"closed","template":"full_width.php","meta":[],"_links":{"self":[{"href":"https:\/\/www.victimservices-york.org\/fr\/wp-json\/wp\/v2\/pages\/1452"}],"collection":[{"href":"https:\/\/www.victimservices-york.org\/fr\/wp-json\/wp\/v2\/pages"}],"about":[{"href":"https:\/\/www.victimservices-york.org\/fr\/wp-json\/wp\/v2\/types\/page"}],"author":[{"embeddable":true,"href":"https:\/\/www.victimservices-york.org\/fr\/wp-json\/wp\/v2\/users\/1"}],"replies":[{"embeddable":true,"href":"https:\/\/www.victimservices-york.org\/fr\/wp-json\/wp\/v2\/comments?post=1452"}],"version-history":[{"count":1,"href":"https:\/\/www.victimservices-york.org\/fr\/wp-json\/wp\/v2\/pages\/1452\/revisions"}],"predecessor-version":[{"id":1453,"href":"https:\/\/www.victimservices-york.org\/fr\/wp-json\/wp\/v2\/pages\/1452\/revisions\/1453"}],"wp:attachment":[{"href":"https:\/\/www.victimservices-york.org\/fr\/wp-json\/wp\/v2\/media?parent=1452"}],"curies":[{"name":"wp","href":"https:\/\/api.w.org\/{rel}","templated":true}]}}