{"id":1449,"date":"2017-12-21T21:39:50","date_gmt":"2017-12-22T02:39:50","guid":{"rendered":"http:\/\/www.victimservices-york.org\/?page_id=1449"},"modified":"2017-12-21T21:52:23","modified_gmt":"2017-12-22T02:52:23","slug":"contact-us","status":"publish","type":"page","link":"https:\/\/www.victimservices-york.org\/fr\/contact-us\/","title":{"rendered":"Communiquez avec nous"},"content":{"rendered":"<p>[vc_row css_animation=\u00a0\u00bb\u00a0\u00bb row_type=\u00a0\u00bbrow\u00a0\u00bb use_row_as_full_screen_section=\u00a0\u00bbno\u00a0\u00bb type=\u00a0\u00bbfull_width\u00a0\u00bb angled_section=\u00a0\u00bbno\u00a0\u00bb text_align=\u00a0\u00bbleft\u00a0\u00bb background_image_as_pattern=\u00a0\u00bbwithout_pattern\u00a0\u00bb side_padding=\u00a0\u00bb8&Prime; padding_top=\u00a0\u00bb60&Prime; padding_bottom=\u00a0\u00bb60&Prime;][vc_column width=\u00a0\u00bb1\/2&Prime;]<div class='q_icon_with_title tiny circle left_from_title'><div class=\"icon_text_holder\" style=\"\"><div class=\"icon_text_inner\" style=\"\"><div class=\"icon_title_holder\"><div class=\"icon_holder \" style=\" \"><span data-icon-type=\"circle\" data-icon-hover-color=\"#ffffff\"  class=\"qode_iwt_icon_holder fa-stack fa-lg \" style=\"font-size: 14px;border-color: #3f3571;\"><i class=\"qode_icon_font_awesome fa fa-location-arrow qode_iwt_icon_element\" style=\"font-size: 14px;color: #3f3571;\" ><\/i><\/span><\/div><h5 class=\"icon_title\" style=\"color: #3f3571;\">Adresse :<\/h5><\/div><p style=''>16640, rue Yonge, bureau 1, C.P. 93339 Newmarket (Ontario) L3X 1A3<\/p><\/div><\/div><\/div><div class='q_icon_with_title tiny circle left_from_title'><div class=\"icon_text_holder\" style=\"\"><div class=\"icon_text_inner\" style=\"\"><div class=\"icon_title_holder\"><div class=\"icon_holder \" style=\" \"><span data-icon-type=\"circle\" data-icon-hover-color=\"#ffffff\"  class=\"qode_iwt_icon_holder fa-stack fa-lg \" style=\"font-size: 14px;border-color: #3f3571;\"><i class=\"qode_icon_font_awesome fa fa-phone qode_iwt_icon_element\" style=\"font-size: 14px;color: #3f3571;\" ><\/i><\/span><\/div><h5 class=\"icon_title\" style=\"color: #3f3571;\">T\u00e9l\u00e9phone :<\/h5><\/div><p style=''>905 953-5363<\/p><\/div><\/div><\/div><div class='q_icon_with_title tiny circle left_from_title'><div class=\"icon_text_holder\" style=\"\"><div class=\"icon_text_inner\" style=\"\"><div class=\"icon_title_holder\"><div class=\"icon_holder \" style=\" \"><span data-icon-type=\"circle\" data-icon-hover-color=\"#ffffff\"  class=\"qode_iwt_icon_holder fa-stack fa-lg \" style=\"font-size: 14px;border-color: #3f3571;\"><i class=\"qode_icon_font_awesome fa fa-volume-control-phone qode_iwt_icon_element\" style=\"font-size: 14px;color: #3f3571;\" ><\/i><\/span><\/div><h5 class=\"icon_title\" style=\"color: #3f3571;\">Sans frais :<\/h5><\/div><p style=''>1 866 876-5423, poste 6790<\/p><\/div><\/div><\/div><div class='q_icon_with_title tiny circle left_from_title'><div class=\"icon_text_holder\" style=\"\"><div class=\"icon_text_inner\" style=\"\"><div class=\"icon_title_holder\"><div class=\"icon_holder \" style=\" \"><span data-icon-type=\"circle\" data-icon-hover-color=\"#ffffff\"  class=\"qode_iwt_icon_holder fa-stack fa-lg \" style=\"font-size: 14px;border-color: #3f3571;\"><i class=\"qode_icon_font_awesome fa fa-fax qode_iwt_icon_element\" style=\"font-size: 14px;color: #3f3571;\" ><\/i><\/span><\/div><h5 class=\"icon_title\" style=\"color: #3f3571;\">T\u00e9l\u00e9c. : <\/h5><\/div><p style=''>905 954-1057<\/p><\/div><\/div><\/div>[vc_column_text el_class=\u00a0\u00bbsmall\u00a0\u00bb]Veuillez\u00a0noter\u00a0que\u00a0toute information envoy\u00e9e par\u00a0courriel au moyen de la pr\u00e9sente page \u00ab\u00a0Communiquez avec nous\u00a0\u00bb n\u2019est pas\u00a0jug\u00e9e s\u00e9curitaire et que la protection de votre vie priv\u00e9e n\u2019est pas assur\u00e9e. Nous vous demandons donc, si vous \u00eates une victime de crime, de n\u2019inclure aucun renseignement confidentiel et de communiquer directement avec notre bureau pour obtenir du soutien et des recommandations.[\/vc_column_text][\/vc_column][vc_column width=\u00a0\u00bb1\/2&Prime;]\n<div class=\"wpcf7 no-js\" id=\"wpcf7-f1454-o1\" lang=\"en-CA\" dir=\"ltr\">\n<div class=\"screen-reader-response\"><p role=\"status\" aria-live=\"polite\" aria-atomic=\"true\"><\/p> <ul><\/ul><\/div>\n<form action=\"\/fr\/wp-json\/wp\/v2\/pages\/1449#wpcf7-f1454-o1\" method=\"post\" class=\"wpcf7-form init cf7_custom_style_1\" aria-label=\"Contact form\" novalidate=\"novalidate\" data-status=\"init\">\n<div style=\"display: none;\">\n<input type=\"hidden\" name=\"_wpcf7\" value=\"1454\" \/>\n<input type=\"hidden\" name=\"_wpcf7_version\" value=\"5.7.4\" \/>\n<input type=\"hidden\" name=\"_wpcf7_locale\" value=\"en_CA\" \/>\n<input type=\"hidden\" name=\"_wpcf7_unit_tag\" value=\"wpcf7-f1454-o1\" \/>\n<input type=\"hidden\" name=\"_wpcf7_container_post\" value=\"0\" \/>\n<input type=\"hidden\" name=\"_wpcf7_posted_data_hash\" value=\"\" \/>\n<\/div>\n<p><label> Votre nom*<br \/>\n<span class=\"wpcf7-form-control-wrap\" data-name=\"your-name\"><input size=\"40\" class=\"wpcf7-form-control wpcf7-text wpcf7-validates-as-required\" aria-required=\"true\" aria-invalid=\"false\" value=\"\" type=\"text\" name=\"your-name\" \/><\/span> <\/label>\n<\/p>\n<p><label> Votre adresse courriel*<br \/>\n<span class=\"wpcf7-form-control-wrap\" data-name=\"your-email\"><input size=\"40\" class=\"wpcf7-form-control wpcf7-text wpcf7-email wpcf7-validates-as-required wpcf7-validates-as-email\" aria-required=\"true\" aria-invalid=\"false\" value=\"\" type=\"email\" name=\"your-email\" \/><\/span> <\/label>\n<\/p>\n<p><label> Votre message*<br \/>\n<span class=\"wpcf7-form-control-wrap\" data-name=\"your-message\"><textarea cols=\"40\" rows=\"10\" class=\"wpcf7-form-control wpcf7-textarea\" aria-invalid=\"false\" name=\"your-message\"><\/textarea><\/span> <\/label>\n<\/p>\n<p><input class=\"wpcf7-form-control has-spinner wpcf7-submit\" type=\"submit\" value=\"Envoyer\" \/>\n<\/p><p style=\"display: none !important;\"><label>&#916;<textarea name=\"_wpcf7_ak_hp_textarea\" cols=\"45\" rows=\"8\" maxlength=\"100\"><\/textarea><\/label><input type=\"hidden\" id=\"ak_js_1\" name=\"_wpcf7_ak_js\" value=\"128\"\/><script>document.getElementById( \"ak_js_1\" ).setAttribute( \"value\", ( new Date() ).getTime() );<\/script><\/p><div class=\"wpcf7-response-output\" aria-hidden=\"true\"><\/div>\n<\/form>\n<\/div>\n[\/vc_column][\/vc_row]<\/p>\n","protected":false},"excerpt":{"rendered":"<p>[vc_row css_animation=\u00a0\u00bb\u00a0\u00bb row_type=\u00a0\u00bbrow\u00a0\u00bb use_row_as_full_screen_section=\u00a0\u00bbno\u00a0\u00bb type=\u00a0\u00bbfull_width\u00a0\u00bb angled_section=\u00a0\u00bbno\u00a0\u00bb text_align=\u00a0\u00bbleft\u00a0\u00bb background_image_as_pattern=\u00a0\u00bbwithout_pattern\u00a0\u00bb side_padding=\u00a0\u00bb8&Prime; padding_top=\u00a0\u00bb60&Prime; padding_bottom=\u00a0\u00bb60&Prime;][vc_column width=\u00a0\u00bb1\/2&Prime;][vc_column_text el_class=\u00a0\u00bbsmall\u00a0\u00bb]Veuillez\u00a0noter\u00a0que\u00a0toute information envoy\u00e9e par\u00a0courriel au moyen de la pr\u00e9sente page \u00ab\u00a0Communiquez avec nous\u00a0\u00bb n\u2019est pas\u00a0jug\u00e9e s\u00e9curitaire et que la protection de votre vie priv\u00e9e n\u2019est pas assur\u00e9e. Nous vous demandons donc, si vous&#8230;<\/p>\n","protected":false},"author":1,"featured_media":0,"parent":0,"menu_order":1,"comment_status":"closed","ping_status":"closed","template":"full_width.php","meta":[],"_links":{"self":[{"href":"https:\/\/www.victimservices-york.org\/fr\/wp-json\/wp\/v2\/pages\/1449"}],"collection":[{"href":"https:\/\/www.victimservices-york.org\/fr\/wp-json\/wp\/v2\/pages"}],"about":[{"href":"https:\/\/www.victimservices-york.org\/fr\/wp-json\/wp\/v2\/types\/page"}],"author":[{"embeddable":true,"href":"https:\/\/www.victimservices-york.org\/fr\/wp-json\/wp\/v2\/users\/1"}],"replies":[{"embeddable":true,"href":"https:\/\/www.victimservices-york.org\/fr\/wp-json\/wp\/v2\/comments?post=1449"}],"version-history":[{"count":2,"href":"https:\/\/www.victimservices-york.org\/fr\/wp-json\/wp\/v2\/pages\/1449\/revisions"}],"predecessor-version":[{"id":1455,"href":"https:\/\/www.victimservices-york.org\/fr\/wp-json\/wp\/v2\/pages\/1449\/revisions\/1455"}],"wp:attachment":[{"href":"https:\/\/www.victimservices-york.org\/fr\/wp-json\/wp\/v2\/media?parent=1449"}],"curies":[{"name":"wp","href":"https:\/\/api.w.org\/{rel}","templated":true}]}}