{"id":1445,"date":"2017-12-20T23:55:34","date_gmt":"2017-12-21T04:55:34","guid":{"rendered":"http:\/\/www.victimservices-york.org\/?page_id=1445"},"modified":"2017-12-20T23:55:34","modified_gmt":"2017-12-21T04:55:34","slug":"volunteer","status":"publish","type":"page","link":"https:\/\/www.victimservices-york.org\/fr\/volunteer\/","title":{"rendered":"B\u00e9n\u00e9volat"},"content":{"rendered":"<p>[vc_row css_animation=\u00a0\u00bb\u00a0\u00bb row_type=\u00a0\u00bbrow\u00a0\u00bb use_row_as_full_screen_section=\u00a0\u00bbno\u00a0\u00bb type=\u00a0\u00bbfull_width\u00a0\u00bb angled_section=\u00a0\u00bbno\u00a0\u00bb text_align=\u00a0\u00bbcenter\u00a0\u00bb background_image_as_pattern=\u00a0\u00bbwithout_pattern\u00a0\u00bb side_padding=\u00a0\u00bb8&Prime; padding_top=\u00a0\u00bb80&Prime; padding_bottom=\u00a0\u00bb80&Prime; el_class=\u00a0\u00bbvolunteer-intro\u00a0\u00bb][vc_column][vc_column_text]<\/p>\n<h4><span style=\"color: #3f3571;\">Aimeriez-vous contribuer \u00e0 changer les choses dans votre collectivit\u00e9?<\/span><\/h4>\n<p>&nbsp;<\/p>\n<p>Les b\u00e9n\u00e9voles \u0153uvrent \u00e0 la reconstruction d\u2019une collectivit\u00e9 en r\u00e9pondant aux besoins des personnes en situation de crise. Le fait de vous joindre \u00e0 Services aux victimes de la r\u00e9gion de York pourrait repr\u00e9senter une excellente occasion pour vous. Nos b\u00e9n\u00e9voles comptent beaucoup pour nous et, \u00e0 notre avis, ce partenariat unique entre les membres du personnel et ceux de la collectivit\u00e9 fait de nous une entit\u00e9 pertinente, efficace et r\u00e9active.[\/vc_column_text][\/vc_column][\/vc_row][vc_row css_animation=\u00a0\u00bb\u00a0\u00bb row_type=\u00a0\u00bbrow\u00a0\u00bb use_row_as_full_screen_section=\u00a0\u00bbno\u00a0\u00bb type=\u00a0\u00bbfull_width\u00a0\u00bb angled_section=\u00a0\u00bbno\u00a0\u00bb text_align=\u00a0\u00bbcenter\u00a0\u00bb background_image=\u00a0\u00bb847&Prime; background_image_as_pattern=\u00a0\u00bbwith_pattern\u00a0\u00bb background_color=\u00a0\u00bb#3f3571&Prime; side_padding=\u00a0\u00bb8&Prime; padding_top=\u00a0\u00bb60&Prime; padding_bottom=\u00a0\u00bb60&Prime; el_class=\u00a0\u00bbprocess-row\u00a0\u00bb][vc_column width=\u00a0\u00bb1\/3&Prime;]<div class='q_icon_with_title medium circle center'><div class=\"icon_holder \" style=\" \"><span data-icon-type=\"circle\" data-icon-hover-color=\"#3f3571\" data-icon-hover-bg-color=\"#ffffff\" class=\"qode_iwt_icon_holder fa-stack fa-3x \" style=\"border-color: #ffffff;\"><i class=\"qode_icon_font_awesome fa fa-pencil-square-o qode_iwt_icon_element\" style=\"color: #ffffff;\" ><\/i><\/span><\/div><div class=\"icon_text_holder\" style=\"\"><div class=\"icon_text_inner\" style=\"\"><h5 class=\"icon_title\" style=\"\">D\u00e9p\u00f4t de candidature<\/h5><p style=''>Notre programme de b\u00e9n\u00e9voles compte un certain nombre de possibilit\u00e9s qui permettent aux citoyens d\u2019aider leur communaut\u00e9.<\/p><\/div><\/div><\/div><a  itemprop=\"url\" href=\"#applying\" target=\"_self\"  class=\"qbutton  white default\" style=\"\">Apprenez-en davantage<i class=\"qode_icon_font_awesome fa fa-angle-down qode_button_icon_element\" style=\"\" ><\/i><\/a>[\/vc_column][vc_column width=\u00a0\u00bb1\/3&Prime;]<div class='q_icon_with_title medium circle center'><div class=\"icon_holder \" style=\" \"><span data-icon-type=\"circle\" data-icon-hover-color=\"#3f3571\" data-icon-hover-bg-color=\"#ffffff\" class=\"qode_iwt_icon_holder fa-stack fa-3x \" style=\"border-color: #ffffff;\"><i class=\"qode_icon_font_awesome fa fa-check-square-o qode_iwt_icon_element\" style=\"color: #ffffff;\" ><\/i><\/span><\/div><div class=\"icon_text_holder\" style=\"\"><div class=\"icon_text_inner\" style=\"\"><h5 class=\"icon_title\" style=\"\">S\u00e9lection<\/h5><p style=''>Nous trions tous les candidats en fonction d\u2019exigences qui correspondent aux normes les plus \u00e9lev\u00e9es qui soient.<\/p><\/div><\/div><\/div><a  itemprop=\"url\" href=\"#screening\" target=\"_self\"  class=\"qbutton  white default\" style=\"\">Apprenez-en davantage<i class=\"qode_icon_font_awesome fa fa-angle-down qode_button_icon_element\" style=\"\" ><\/i><\/a>[\/vc_column][vc_column width=\u00a0\u00bb1\/3&Prime;]<div class='q_icon_with_title medium circle center'><div class=\"icon_holder \" style=\" \"><span data-icon-type=\"circle\" data-icon-hover-color=\"#3f3571\" data-icon-hover-bg-color=\"#ffffff\" class=\"qode_iwt_icon_holder fa-stack fa-3x \" style=\"border-color: #ffffff;\"><i class=\"qode_icon_font_awesome fa fa-graduation-cap qode_iwt_icon_element\" style=\"color: #ffffff;\" ><\/i><\/span><\/div><div class=\"icon_text_holder\" style=\"\"><div class=\"icon_text_inner\" style=\"\"><h5 class=\"icon_title\" style=\"\">Formation<\/h5><p style=''>Notre programme de formation obligatoire exige que les b\u00e9n\u00e9voles connaissent bien les probl\u00e8mes auxquels sont confront\u00e9es les personnes victimes de crime<\/p><\/div><\/div><\/div><a  itemprop=\"url\" href=\"#training\" target=\"_self\"  class=\"qbutton  white default\" style=\"\">Apprenez-en davantage<i class=\"qode_icon_font_awesome fa fa-angle-down qode_button_icon_element\" style=\"\" ><\/i><\/a>[\/vc_column][\/vc_row][vc_row css_animation=\u00a0\u00bb\u00a0\u00bb row_type=\u00a0\u00bbrow\u00a0\u00bb use_row_as_full_screen_section=\u00a0\u00bbno\u00a0\u00bb type=\u00a0\u00bbfull_width\u00a0\u00bb anchor=\u00a0\u00bbapplying\u00a0\u00bb angled_section=\u00a0\u00bbno\u00a0\u00bb text_align=\u00a0\u00bbleft\u00a0\u00bb background_image=\u00a0\u00bb1386&Prime; background_image_as_pattern=\u00a0\u00bbwithout_pattern\u00a0\u00bb border_color=\u00a0\u00bb#3f3571&Prime; side_padding=\u00a0\u00bb25&Prime; padding_top=\u00a0\u00bb60&Prime; padding_bottom=\u00a0\u00bb60&Prime; el_class=\u00a0\u00bbapply-row\u00a0\u00bb][vc_column]<div class='q_icon_with_title small circle left_from_title'><div class=\"icon_text_holder\" style=\"\"><div class=\"icon_text_inner\" style=\"\"><div class=\"icon_title_holder\"><div class=\"icon_holder \" style=\" \"><span data-icon-type=\"circle\" data-icon-hover-color=\"#ffffff\" data-icon-hover-bg-color=\"#3f3571\" class=\"qode_iwt_icon_holder fa-stack fa-2x \" style=\"border-color: #3f3571;\"><i class=\"qode_icon_font_awesome fa fa-pencil-square-o qode_iwt_icon_element\" style=\"color: #3f3571;\" ><\/i><\/span><\/div><h2 class=\"icon_title\" style=\"color: #3f3571;\">Demande pour devenir b\u00e9n\u00e9vole<\/h2><\/div><p style=''><\/p><\/div><\/div><\/div>[vc_column_text]<strong>Victim Services of York Region Inc. est pr\u00e9sentement \u00e0 la recherche de b\u00e9n\u00e9voles dans le cadre de sa mission et de son mandat. La formation de nouveaux b\u00e9n\u00e9voles commencera \u00e0 l\u2019automne 2017.<\/strong><\/p>\n<p>Le programme de b\u00e9n\u00e9voles de SVY comporte un certain nombre de possibilit\u00e9s visant \u00e0 aider la communaut\u00e9 respective des b\u00e9n\u00e9voles. Voici les fonctions actuellement offertes\u00a0:[\/vc_column_text][vc_column_text el_class=\u00a0\u00bbhorizontal-list\u00a0\u00bb]B\u00e9n\u00e9vole en administration | Membre du conseil d\u2019administration | B\u00e9n\u00e9vole affect\u00e9 \u00e0 l\u2019intervention aupr\u00e8s des victimes<br \/>\nChef d\u2019\u00e9quipe | B\u00e9n\u00e9vole affect\u00e9 \u00e0 l\u2019activit\u00e9 du bingo | B\u00e9n\u00e9vole affect\u00e9 \u00e0 la lev\u00e9e de fonds[\/vc_column_text][vc_column_text]L\u2019aspirant b\u00e9n\u00e9vole est tenu d\u2019assister \u00e0 un nombre variable d\u2019heures de formation selon la fonction qu\u2019il d\u00e9sire occuper dans le cadre du programme.<\/p>\n<p>On demandera aux candidats qui satisfont aux crit\u00e8res figurant dans la section \u00ab\u00a0S\u00e9lection\u00a0\u00bb du site Web de bien vouloir remplir le formulaire de profil personnel du b\u00e9n\u00e9vole de SVY et de nous le retourner. Deux mois d\u2019attente au minimum sont n\u00e9cessaires apr\u00e8s la r\u00e9ception du formulaire et avant le d\u00e9but de la s\u00e9ance de formation suivante pour nous permettre d\u2019examiner la demande de chaque candidat en fonction de tous les crit\u00e8res de s\u00e9lection.<\/p>\n<p>La r\u00e9ception en bonne et due forme des \u00e9l\u00e9ments demand\u00e9s apr\u00e8s la date limite peut entra\u00eener le report de leur examen en vue des s\u00e9ances de formation suivantes.[\/vc_column_text][\/vc_column][\/vc_row][vc_row css_animation=\u00a0\u00bb\u00a0\u00bb row_type=\u00a0\u00bbrow\u00a0\u00bb use_row_as_full_screen_section=\u00a0\u00bbno\u00a0\u00bb type=\u00a0\u00bbfull_width\u00a0\u00bb anchor=\u00a0\u00bbscreening\u00a0\u00bb angled_section=\u00a0\u00bbno\u00a0\u00bb text_align=\u00a0\u00bbleft\u00a0\u00bb background_image=\u00a0\u00bb1388&Prime; background_image_as_pattern=\u00a0\u00bbwithout_pattern\u00a0\u00bb background_color=\u00a0\u00bb#cecece\u00a0\u00bb border_color=\u00a0\u00bb#3f3571&Prime; side_padding=\u00a0\u00bb25&Prime; padding_top=\u00a0\u00bb60&Prime; padding_bottom=\u00a0\u00bb60&Prime; el_class=\u00a0\u00bbscreening-row\u00a0\u00bb][vc_column]<div class='q_icon_with_title small circle left_from_title'><div class=\"icon_text_holder\" style=\"\"><div class=\"icon_text_inner\" style=\"\"><div class=\"icon_title_holder\"><div class=\"icon_holder \" style=\" \"><span data-icon-type=\"circle\" data-icon-hover-color=\"#ffffff\" data-icon-hover-bg-color=\"#3f3571\" class=\"qode_iwt_icon_holder fa-stack fa-2x \" style=\"border-color: #3f3571;\"><i class=\"qode_icon_font_awesome fa fa-check-square-o qode_iwt_icon_element\" style=\"color: #3f3571;\" ><\/i><\/span><\/div><h2 class=\"icon_title\" style=\"color: #3f3571;\">S\u00e9lection<\/h2><\/div><p style=''><\/p><\/div><\/div><\/div>[vc_column_text]Le programme de b\u00e9n\u00e9voles de SVY utilise les normes les plus \u00e9lev\u00e9es pour la s\u00e9lection de tous ses b\u00e9n\u00e9voles gr\u00e2ce \u00e0 une d\u00e9marche exhaustive d\u2019examen des candidatures. Les candidats pourraient \u00eatre invit\u00e9s \u00e0 se pr\u00e9senter aux s\u00e9ances de formation s\u2019ils r\u00e9pondent aux exigences de la fonction d\u00e9sir\u00e9e\u00a0:[\/vc_column_text][vc_column_text el_class=\u00a0\u00bbhorizontal-list\u00a0\u00bb]B\u00e9n\u00e9vole en administration | Membre du conseil d\u2019administration | B\u00e9n\u00e9vole affect\u00e9 \u00e0 l\u2019intervention aupr\u00e8s des victimes | Chef d\u2019\u00e9quipe | Appel de nouveaux b\u00e9n\u00e9voles | V\u00e9rification des ant\u00e9c\u00e9dents en vue d\u2019interventions aupr\u00e8s de personnes vuln\u00e9rables du service r\u00e9gional de police de York | Entrevue comportant un groupe d\u2019interviewers | V\u00e9rifications des ant\u00e9c\u00e9dents | R\u00e9ussite du programme de formation de SVY[\/vc_column_text][vc_column_text]<strong>Le processus de s\u00e9lection comprend\u00a0:<\/strong>[\/vc_column_text][vc_separator type=\u00a0\u00bbtransparent\u00a0\u00bb][vc_accordion style=\u00a0\u00bbaccordion\u00a0\u00bb][vc_accordion_tab title=\u00a0\u00bb01 Appel de nouveaux b\u00e9n\u00e9voles\u00a0\u00bb][vc_column_text]Les aspirants b\u00e9n\u00e9voles aupr\u00e8s de SVY sont invit\u00e9s \u00e0 remplir le formulaire de demande ci-dessous. Si vous avez des questions, veuillez communiquer avec le directeur du programme de b\u00e9n\u00e9voles pendant les heures de travail (de 9\u00a0h \u00e0 17\u00a0h, du lundi au vendredi).<\/p>\n<p>Formulaire de profil personnel du b\u00e9n\u00e9vole[\/vc_column_text][\/vc_accordion_tab][vc_accordion_tab title=\u00a0\u00bb02 Entrevue comportant un groupe d\u2019interviewers\u00a0\u00bb][vc_column_text]Les candidats retenus seront contact\u00e9s pour une entrevue \u00e0 la date, \u00e0 l\u2019heure et au lieu convenus. Nous demandons aux candidats convoqu\u00e9s \u00e0 l\u2019entrevue d\u2019apporter leur permis de conduire de classe \u00ab\u00a0G\u00a0\u00bb valide. [\/vc_column_text][\/vc_accordion_tab][vc_accordion_tab title=\u00a0\u00bb03 V\u00e9rifications des ant\u00e9c\u00e9dents\u00a0\u00bb][vc_column_text]Tous les candidats doivent soumettre au moins trois r\u00e9f\u00e9rences dont\u00a0:<\/p>\n<ul>\n<li>leurs superviseurs actuels<\/li>\n<li>leurs anciens superviseurs<\/li>\n<li>une ou des r\u00e9f\u00e9rences personnelles<\/li>\n<\/ul>\n<p>[\/vc_column_text][\/vc_accordion_tab][vc_accordion_tab title=\u00a0\u00bb04 V\u00e9rifications des ant\u00e9c\u00e9dents en vue d\u2019interventions aupr\u00e8s de personnes vuln\u00e9rables\u00a0\u00bb][vc_column_text]Il est essentiel de ne poss\u00e9der aucun casier judiciaire pour \u0153uvrer \u00e0 titre b\u00e9n\u00e9vole aupr\u00e8s de Services aux victimes de la r\u00e9gion de York. Si vous \u00eates retenu apr\u00e8s l\u2019entrevue dans le cadre de notre processus de s\u00e9lection et que vous \u00eates invit\u00e9 \u00e0 participer \u00e0 notre programme de formation, nous vous enverrons une lettre d\u2019intention. Nous vous demanderons \u00e9galement, \u00e0 la m\u00eame occasion, de vous rendre \u00e0 l\u2019un des postes de la Police r\u00e9gionale de York suivants afin que vos ant\u00e9c\u00e9dents soient v\u00e9rifi\u00e9s en vue d\u2019interventions aupr\u00e8s de personnes vuln\u00e9rables du service r\u00e9gional de police de York. Veuillez prendre note que des frais s\u2019appliquent.[\/vc_column_text][\/vc_accordion_tab][\/vc_accordion][\/vc_column][\/vc_row][vc_row css_animation=\u00a0\u00bb\u00a0\u00bb row_type=\u00a0\u00bbrow\u00a0\u00bb use_row_as_full_screen_section=\u00a0\u00bbno\u00a0\u00bb type=\u00a0\u00bbfull_width\u00a0\u00bb anchor=\u00a0\u00bbtraining\u00a0\u00bb angled_section=\u00a0\u00bbno\u00a0\u00bb text_align=\u00a0\u00bbleft\u00a0\u00bb background_image=\u00a0\u00bb1386&Prime; background_image_as_pattern=\u00a0\u00bbwithout_pattern\u00a0\u00bb side_padding=\u00a0\u00bb25&Prime; padding_top=\u00a0\u00bb60&Prime; padding_bottom=\u00a0\u00bb60&Prime; el_class=\u00a0\u00bbtraining-row\u00a0\u00bb][vc_column]<div class='q_icon_with_title small circle left_from_title'><div class=\"icon_text_holder\" style=\"\"><div class=\"icon_text_inner\" style=\"\"><div class=\"icon_title_holder\"><div class=\"icon_holder \" style=\" \"><span data-icon-type=\"circle\" data-icon-hover-color=\"#ffffff\" data-icon-hover-bg-color=\"#3f3571\" class=\"qode_iwt_icon_holder fa-stack fa-2x \" style=\"border-color: #3f3571;\"><i class=\"qode_icon_font_awesome fa fa-graduation-cap qode_iwt_icon_element\" style=\"color: #3f3571;\" ><\/i><\/span><\/div><h2 class=\"icon_title\" style=\"color: #3f3571;\">Formation<\/h2><\/div><p style=''><\/p><\/div><\/div><\/div>[vc_column_text]Notre programme de formation obligatoire exige que les b\u00e9n\u00e9voles apprennent \u00e0 conna\u00eetre les situations pouvant poser probl\u00e8me, telles que les suivantes\u00a0:[\/vc_column_text][vc_column_text el_class=\u00a0\u00bbhorizontal-list\u00a0\u00bb]Techniques d\u2019intervention en situation de\u00a0crise | Cons\u00e9quences de la violence familiale | Agression sexuelle | Maltraitance des personnes \u00e2g\u00e9es | Syst\u00e8me de justice p\u00e9nale | Deuil | Intervention\u00a0en\u00a0mati\u00e8re de\u00a0suicide | Ressources communautaires<br \/>\n[\/vc_column_text][vc_column_text]Les aspirants b\u00e9n\u00e9voles sont \u00e9valu\u00e9s de mani\u00e8re continue au cours de la p\u00e9riode de formation afin d\u2019\u00e9tablir s\u2019ils sont aptes \u00e0 participer au programme et \u00e0 ex\u00e9cuter les fonctions qu\u2019ils seront appel\u00e9s \u00e0 effectuer. Il leur est obligatoire d\u2019assister \u00e0 toutes les s\u00e9ances selon les exigences du programme et de leur fonction.[\/vc_column_text][\/vc_column][\/vc_row][vc_row css_animation=\u00a0\u00bb\u00a0\u00bb row_type=\u00a0\u00bbrow\u00a0\u00bb use_row_as_full_screen_section=\u00a0\u00bbno\u00a0\u00bb type=\u00a0\u00bbfull_width\u00a0\u00bb anchor=\u00a0\u00bbapplication\u00a0\u00bb angled_section=\u00a0\u00bbno\u00a0\u00bb text_align=\u00a0\u00bbleft\u00a0\u00bb background_image_as_pattern=\u00a0\u00bbwithout_pattern\u00a0\u00bb background_color=\u00a0\u00bb#3f3571&Prime; padding_top=\u00a0\u00bb20&Prime; padding_bottom=\u00a0\u00bb20&Prime; el_class=\u00a0\u00bbapplication-row\u00a0\u00bb][vc_column][qode_elements_holder number_of_columns=\u00a0\u00bbtwo_columns\u00a0\u00bb columns_proportion=\u00a0\u00bb66_33&Prime;][qode_elements_holder_item item_padding=\u00a0\u00bb5% 10%\u00a0\u00bb vertical_alignment=\u00a0\u00bbmiddle\u00a0\u00bb advanced_animations=\u00a0\u00bbno\u00a0\u00bb][vc_column_text]<\/p>\n<h4>Personne ne choisit d\u2019\u00eatre une victime, mais nous pouvons pr\u00eater main forte en tant que collectivit\u00e9.<\/h4>\n<p>[\/vc_column_text][vc_separator type=\u00a0\u00bbtransparent\u00a0\u00bb][vc_column_text]Nous vous remercions de l\u2019int\u00e9r\u00eat que vous manifestez pour le programme de b\u00e9n\u00e9voles de Victim Services of York Region Incorporated. Ce programme de SVY comporte un certain nombre de possibilit\u00e9s visant \u00e0 aider la communaut\u00e9 respective des b\u00e9n\u00e9voles. Veuillez t\u00e9l\u00e9charger et envoyer votre formulaire de demande rempli et votre CV \u00e0 <strong>Deb\u00a0Phillips, directrice du programme de b\u00e9n\u00e9voles<\/strong> \u00e0 <a href=\"mailto:8715@yrp.ca\">8715@yrp.ca<\/a>.[\/vc_column_text][\/qode_elements_holder_item][qode_elements_holder_item item_padding=\u00a0\u00bb5% 10%\u00a0\u00bb vertical_alignment=\u00a0\u00bbmiddle\u00a0\u00bb advanced_animations=\u00a0\u00bbno\u00a0\u00bb]<a  itemprop=\"url\" href=\"\/wp-content\/uploads\/2017\/06\/Volunteer-Profile-Form.pdf\" target=\"_blank\" data-hover-background-color=#ffffff data-hover-border-color=#ffffff data-hover-color=#3f3571 class=\"qbutton  white default\" style=\"color: #ffffff; border-color: #ffffff; \">Formulaire de profil personnel du b\u00e9n\u00e9vole<i class=\"qode_icon_font_awesome fa fa-download qode_button_icon_element\" style=\"\" ><\/i><\/a>[\/qode_elements_holder_item][\/qode_elements_holder][\/vc_column][\/vc_row]<\/p>\n","protected":false},"excerpt":{"rendered":"<p>[vc_row css_animation=\u00a0\u00bb\u00a0\u00bb row_type=\u00a0\u00bbrow\u00a0\u00bb use_row_as_full_screen_section=\u00a0\u00bbno\u00a0\u00bb type=\u00a0\u00bbfull_width\u00a0\u00bb angled_section=\u00a0\u00bbno\u00a0\u00bb text_align=\u00a0\u00bbcenter\u00a0\u00bb background_image_as_pattern=\u00a0\u00bbwithout_pattern\u00a0\u00bb side_padding=\u00a0\u00bb8&Prime; padding_top=\u00a0\u00bb80&Prime; padding_bottom=\u00a0\u00bb80&Prime; el_class=\u00a0\u00bbvolunteer-intro\u00a0\u00bb][vc_column][vc_column_text] Aimeriez-vous contribuer \u00e0 changer les choses dans votre collectivit\u00e9? &nbsp; Les b\u00e9n\u00e9voles \u0153uvrent \u00e0 la reconstruction d\u2019une collectivit\u00e9 en r\u00e9pondant aux besoins des personnes en situation de crise. Le fait de vous joindre&#8230;<\/p>\n","protected":false},"author":1,"featured_media":0,"parent":0,"menu_order":0,"comment_status":"closed","ping_status":"closed","template":"full_width.php","meta":[],"_links":{"self":[{"href":"https:\/\/www.victimservices-york.org\/fr\/wp-json\/wp\/v2\/pages\/1445"}],"collection":[{"href":"https:\/\/www.victimservices-york.org\/fr\/wp-json\/wp\/v2\/pages"}],"about":[{"href":"https:\/\/www.victimservices-york.org\/fr\/wp-json\/wp\/v2\/types\/page"}],"author":[{"embeddable":true,"href":"https:\/\/www.victimservices-york.org\/fr\/wp-json\/wp\/v2\/users\/1"}],"replies":[{"embeddable":true,"href":"https:\/\/www.victimservices-york.org\/fr\/wp-json\/wp\/v2\/comments?post=1445"}],"version-history":[{"count":1,"href":"https:\/\/www.victimservices-york.org\/fr\/wp-json\/wp\/v2\/pages\/1445\/revisions"}],"predecessor-version":[{"id":1446,"href":"https:\/\/www.victimservices-york.org\/fr\/wp-json\/wp\/v2\/pages\/1445\/revisions\/1446"}],"wp:attachment":[{"href":"https:\/\/www.victimservices-york.org\/fr\/wp-json\/wp\/v2\/media?parent=1445"}],"curies":[{"name":"wp","href":"https:\/\/api.w.org\/{rel}","templated":true}]}}