{"id":1443,"date":"2017-12-20T23:43:26","date_gmt":"2017-12-21T04:43:26","guid":{"rendered":"http:\/\/www.victimservices-york.org\/?page_id=1443"},"modified":"2017-12-20T23:43:26","modified_gmt":"2017-12-21T04:43:26","slug":"programs","status":"publish","type":"page","link":"https:\/\/www.victimservices-york.org\/fr\/programs\/","title":{"rendered":"Programmes"},"content":{"rendered":"<p>[vc_row css_animation=\u00a0\u00bb\u00a0\u00bb row_type=\u00a0\u00bbrow\u00a0\u00bb use_row_as_full_screen_section=\u00a0\u00bbno\u00a0\u00bb type=\u00a0\u00bbfull_width\u00a0\u00bb angled_section=\u00a0\u00bbno\u00a0\u00bb text_align=\u00a0\u00bbcenter\u00a0\u00bb background_image_as_pattern=\u00a0\u00bbwithout_pattern\u00a0\u00bb side_padding=\u00a0\u00bb8&Prime; padding_top=\u00a0\u00bb60&Prime; padding_bottom=\u00a0\u00bb60&Prime; el_class=\u00a0\u00bbprograms-intro\u00a0\u00bb][vc_column][vc_column_text]Services aux victimes de la r\u00e9gion de York est un organisme de charit\u00e9 communautaire,<br \/>\n\u00e0 but non lucratif, qui collabore avec la Police r\u00e9gionale de York et la Police provinciale de l\u2019Ontario<br \/>\npour prodiguer, 24\u00a0heures sur 24, du soutien \u00e9motif et de l\u2019aide pratique aux victimes de crime ou de<br \/>\ncirconstances tragiques.[\/vc_column_text][\/vc_column][\/vc_row][vc_row css_animation=\u00a0\u00bb\u00a0\u00bb row_type=\u00a0\u00bbrow\u00a0\u00bb use_row_as_full_screen_section=\u00a0\u00bbno\u00a0\u00bb type=\u00a0\u00bbfull_width\u00a0\u00bb anchor=\u00a0\u00bbon-scene-response\u00a0\u00bb angled_section=\u00a0\u00bbno\u00a0\u00bb text_align=\u00a0\u00bbleft\u00a0\u00bb background_image_as_pattern=\u00a0\u00bbwithout_pattern\u00a0\u00bb background_color=\u00a0\u00bb#f4f4f4&Prime; el_class=\u00a0\u00bbprograms-row\u00a0\u00bb][vc_column][qode_elements_holder number_of_columns=\u00a0\u00bbtwo_columns\u00a0\u00bb columns_proportion=\u00a0\u00bb33_66&Prime;][qode_elements_holder_item item_padding=\u00a0\u00bb7% 5%\u00a0\u00bb vertical_alignment=\u00a0\u00bbmiddle\u00a0\u00bb advanced_animations=\u00a0\u00bbno\u00a0\u00bb][vc_single_image image=\u00a0\u00bb1368&Prime; img_size=\u00a0\u00bb300&#215;300&Prime; alignment=\u00a0\u00bbcenter\u00a0\u00bb style=\u00a0\u00bbvc_box_circle_2&Prime; qode_css_animation=\u00a0\u00bb\u00a0\u00bb][\/qode_elements_holder_item][qode_elements_holder_item item_padding=\u00a0\u00bb7% 5%\u00a0\u00bb advanced_animations=\u00a0\u00bbno\u00a0\u00bb][vc_column_text]<\/p>\n<h2><span style=\"color: #3f3571;\">Intervention sur place<\/span><\/h2>\n<p>[\/vc_column_text][vc_separator type=\u00a0\u00bbtransparent\u00a0\u00bb][vc_column_text]Les \u00e9quipes d\u2019intervention aupr\u00e8s des victimes sont pr\u00eates \u00e0 pratiquer des interventions sur place, <strong>24\u00a0heures sur 24, 7\u00a0jours sur 7<\/strong>, sur appel pour la Police r\u00e9gionale de York et la Police provinciale de l\u2019Ontario<\/p>\n<p>Nous nous rendons sur les lieux, que ce soit dans une r\u00e9sidence priv\u00e9e ou un h\u00f4pital, sur une sc\u00e8ne de crime ou au poste de police pour mener des interventions de crise.[\/vc_column_text][\/qode_elements_holder_item][\/qode_elements_holder][\/vc_column][\/vc_row][vc_row css_animation=\u00a0\u00bb\u00a0\u00bb row_type=\u00a0\u00bbrow\u00a0\u00bb use_row_as_full_screen_section=\u00a0\u00bbno\u00a0\u00bb type=\u00a0\u00bbfull_width\u00a0\u00bb anchor=\u00a0\u00bbvqrp\u00a0\u00bb angled_section=\u00a0\u00bbno\u00a0\u00bb text_align=\u00a0\u00bbleft\u00a0\u00bb background_image_as_pattern=\u00a0\u00bbwithout_pattern\u00a0\u00bb el_class=\u00a0\u00bbprograms-row\u00a0\u00bb][vc_column][qode_elements_holder number_of_columns=\u00a0\u00bbtwo_columns\u00a0\u00bb columns_proportion=\u00a0\u00bb33_66&Prime;][qode_elements_holder_item item_padding=\u00a0\u00bb7% 5%\u00a0\u00bb advanced_animations=\u00a0\u00bbno\u00a0\u00bb][vc_single_image image=\u00a0\u00bb1369&Prime; img_size=\u00a0\u00bb300&#215;300&Prime; alignment=\u00a0\u00bbcenter\u00a0\u00bb style=\u00a0\u00bbvc_box_circle_2&Prime; qode_css_animation=\u00a0\u00bb\u00a0\u00bb][\/qode_elements_holder_item][qode_elements_holder_item item_padding=\u00a0\u00bb7% 5%\u00a0\u00bb advanced_animations=\u00a0\u00bbno\u00a0\u00bb][vc_column_text]<\/p>\n<h2><span style=\"color: #3f3571;\">Programme\u00a0d\u2019intervention\u00a0rapide\u00a0aupr\u00e8s des victimes (PIRV)<\/span><\/h2>\n<p>[\/vc_column_text][vc_separator type=\u00a0\u00bbtransparent\u00a0\u00bb][vc_column_text]Le Programme\u00a0d\u2019intervention\u00a0rapide\u00a0aupr\u00e8s des victimes (PIRV) a \u00e9t\u00e9 \u00e9tabli et financ\u00e9 par le Programme des services aux victimes et aux personnes vuln\u00e9rables du minist\u00e8re du Procureur g\u00e9n\u00e9ral\u00a0dans le but de fournir de l\u2019aide aux victimes d\u2019actes criminels\u00a0tr\u00e8s violents.[\/vc_column_text][vc_separator type=\u00a0\u00bbtransparent\u00a0\u00bb up=\u00a0\u00bb0&Prime; down=\u00a0\u00bb0&Prime;][vc_column_text]<b>Le programme est con\u00e7u pour offrir une aide financi\u00e8re imm\u00e9diate aux victimes\u00a0:<\/b>[\/vc_column_text][vc_row_inner row_type=\u00a0\u00bbrow\u00a0\u00bb type=\u00a0\u00bbfull_width\u00a0\u00bb text_align=\u00a0\u00bbleft\u00a0\u00bb css_animation=\u00a0\u00bb\u00a0\u00bb][vc_column_inner width=\u00a0\u00bb1\/2&Prime;]<div class='q_list circle'><\/p>\n<ul>\n<li>d\u2019homicide (y compris les tentatives de meurtre)<\/li>\n<li>d\u2019agression physique grave<\/li>\n<li>de violence familiale<\/li>\n<\/ul>\n<p><\/div>[\/vc_column_inner][vc_column_inner width=\u00a0\u00bb1\/2&Prime;]<div class='q_list circle'><\/p>\n<ul>\n<li>d\u2019agression sexuelle<\/li>\n<li>de crime haineux<\/li>\n<li>de la traite des personnes<\/li>\n<\/ul>\n<p><\/div>[\/vc_column_inner][\/vc_row_inner][vc_separator type=\u00a0\u00bbtransparent\u00a0\u00bb up=\u00a0\u00bb0&Prime; down=\u00a0\u00bb0&Prime;][vc_column_text]La personne peut \u00eatre aiguill\u00e9e par les services de police de la province de l\u2019Ontario, les centres d\u2019aide aux victimes d\u2019agression sexuelle, les refuges pour victimes de la violence familiale, les services d\u2019urgence, les organismes communautaires ou elle peut se pr\u00e9senter elle-m\u00eame. Dans tous les cas, les fournisseurs de service sont r\u00e9mun\u00e9r\u00e9s directement par le PIRV plut\u00f4t que par la victime.[\/vc_column_text][vc_separator type=\u00a0\u00bbtransparent\u00a0\u00bb up=\u00a0\u00bb10&Prime; down=\u00a0\u00bb10&Prime;][vc_accordion active_tab=\u00a0\u00bbfalse\u00a0\u00bb collapsible=\u00a0\u00bbyes\u00a0\u00bb style=\u00a0\u00bbaccordion\u00a0\u00bb][vc_accordion_tab title=\u00a0\u00bbQui est admissible \u00e0 ces services?\u00a0\u00bb][vc_row_inner row_type=\u00a0\u00bbrow\u00a0\u00bb type=\u00a0\u00bbfull_width\u00a0\u00bb text_align=\u00a0\u00bbleft\u00a0\u00bb css_animation=\u00a0\u00bb\u00a0\u00bb][vc_column_inner width=\u00a0\u00bb1\/2&Prime;]<div class='q_list circle'><\/p>\n<ul>\n<li>Une victime est admissible \u00e0 ces services si elle a signal\u00e9 entre autres, aux services de police de l\u2019Ontario, aux refuges de violence familiale, aux centres d\u2019aide pour les victimes d\u2019agression sexuelle, aux services d\u2019urgence ou aux organismes communautaires qui offrent des services aux victimes d\u2019agression sexuelle ou de violence familiale, la commission d\u2019une infraction avec violence au sens du Code criminel<\/li>\n<li>Le crime est survenu en Ontario, le 30\u00a0juin\u00a02007 ou apr\u00e8s cette date<\/li>\n<li>La victime habite en Ontario<\/li>\n<\/ul>\n<p><\/div>[\/vc_column_inner][vc_column_inner width=\u00a0\u00bb1\/2&Prime;]<div class='q_list circle'><\/p>\n<ul>\n<li>Une demande de suivi psychologique doit \u00eatre soumise dans les 90\u00a0jours apr\u00e8s la commission d\u2019un crime<\/li>\n<li>Une demande pour le remboursement des d\u00e9penses\u00a0en\u00a0situation\u00a0d\u2019urgence, des d\u00e9penses engag\u00e9es pour le nettoyage de sc\u00e8nes\u00a0de\u00a0crime ou des frais fun\u00e9raires doit \u00eatre soumise dans les 45\u00a0jours apr\u00e8s la commission d\u2019un crime<\/li>\n<li>Aucune autre ressource financi\u00e8re n\u2019est disponible, c\u2019est-\u00e0-dire assurances, PAE en milieu de travail, Ontario au travail et Programme\u00a0ontarien de soutien aux personnes handicap\u00e9es<\/li>\n<li>La victime n\u2019a re\u00e7u auparavant aucun financement du PIRV pour la m\u00eame infraction criminelle<\/li>\n<li>Les fonds doivent avoir \u00e9t\u00e9 d\u00e9pens\u00e9s en Ontario<\/li>\n<\/ul>\n<p><\/div>[\/vc_column_inner][\/vc_row_inner][\/vc_accordion_tab][\/vc_accordion][\/qode_elements_holder_item][\/qode_elements_holder][\/vc_column][\/vc_row][vc_row css_animation=\u00a0\u00bb\u00a0\u00bb row_type=\u00a0\u00bbrow\u00a0\u00bb use_row_as_full_screen_section=\u00a0\u00bbno\u00a0\u00bb type=\u00a0\u00bbfull_width\u00a0\u00bb anchor=\u00a0\u00bbhomicide-support\u00a0\u00bb angled_section=\u00a0\u00bbno\u00a0\u00bb text_align=\u00a0\u00bbleft\u00a0\u00bb background_image_as_pattern=\u00a0\u00bbwithout_pattern\u00a0\u00bb background_color=\u00a0\u00bb#f4f4f4&Prime; el_class=\u00a0\u00bbprograms-row\u00a0\u00bb][vc_column][qode_elements_holder number_of_columns=\u00a0\u00bbtwo_columns\u00a0\u00bb columns_proportion=\u00a0\u00bb33_66&Prime;][qode_elements_holder_item item_padding=\u00a0\u00bb7% 5%\u00a0\u00bb advanced_animations=\u00a0\u00bbno\u00a0\u00bb][vc_single_image image=\u00a0\u00bb1370&Prime; img_size=\u00a0\u00bb300&#215;300&Prime; alignment=\u00a0\u00bbcenter\u00a0\u00bb style=\u00a0\u00bbvc_box_circle_2&Prime; qode_css_animation=\u00a0\u00bb\u00a0\u00bb][\/qode_elements_holder_item][qode_elements_holder_item item_padding=\u00a0\u00bb7% 5%\u00a0\u00bb advanced_animations=\u00a0\u00bbno\u00a0\u00bb][vc_column_text]<\/p>\n<h2><span style=\"color: #3f3571;\">Groupe de soutien pour les survivants d\u2019un homicide<\/span><\/h2>\n<p>[\/vc_column_text][vc_separator type=\u00a0\u00bbtransparent\u00a0\u00bb][vc_column_text]Remember Me (Souviens-toi de moi) est un groupe de soutien qui fournit du soutien \u00e9motif et des informations aux survivants d\u2019un homicide. C\u2019est \u00e9galement un groupe d\u2019entraide qui offre du soutien \u00e9motif et des informations aux personnes dont un proche a \u00e9t\u00e9 victime de meurtre. Ce sont des victimes qui aident d\u2019autres victimes.<\/p>\n<p>Veuillez remarquer qu\u2019il s\u2019agit d\u2019un groupe de soutien form\u00e9 de survivants d\u2019un homicide et par eux, et pour venir en aide aux survivants d\u2019un homicide. Le groupe est ouvert \u00e0 toutes les personnes qui ont surv\u00e9cu \u00e0 un meurtre et sont de la r\u00e9gion de York ou des environs.<\/p>\n<p>Pour obtenir de l\u2019aide, veuillez communiquer avec nous au 905\u00a0953-5363. Pour obtenir de plus amples renseignements concernant le groupe, veuillez cliquer sur le lien <a href=\"http:\/\/www.rememberme2.webs.com\/\" target=\"_blank\" rel=\"noopener noreferrer\">http:\/\/www.rememberme2.webs.com\/<\/a>[\/vc_column_text][vc_separator type=\u00a0\u00bbtransparent\u00a0\u00bb]<div class='q_message  with_icon' style='background-color: #3f3571;'><div class='q_message_inner'><div class=\"q_message_icon_holder\"><div class=\"q_message_icon\"><div class=\"q_message_icon_inner\"><i class='fa fa-exclamation fa-lg' style=''><\/i><\/div><\/div><\/div><a href='#' class='close'><i class='fa fa-times' style=''><\/i><\/a><div class='message_text_holder'><div class='message_text'><div class='message_text_inner'>Veuillez noter que le groupe n\u2019est pas actif en ce moment, mais qu\u2019en fonction du nombre d\u2019inscriptions futures, une liste d\u2019attente pourrait \u00eatre constitu\u00e9e<\/div><\/div><\/div><\/div><\/div>[\/qode_elements_holder_item][\/qode_elements_holder][\/vc_column][\/vc_row][vc_row css_animation=\u00a0\u00bb\u00a0\u00bb row_type=\u00a0\u00bbrow\u00a0\u00bb use_row_as_full_screen_section=\u00a0\u00bbno\u00a0\u00bb type=\u00a0\u00bbfull_width\u00a0\u00bb anchor=\u00a0\u00bbsuicide-support\u00a0\u00bb angled_section=\u00a0\u00bbno\u00a0\u00bb text_align=\u00a0\u00bbleft\u00a0\u00bb background_image_as_pattern=\u00a0\u00bbwithout_pattern\u00a0\u00bb][vc_column][qode_elements_holder number_of_columns=\u00a0\u00bbtwo_columns\u00a0\u00bb columns_proportion=\u00a0\u00bb33_66&Prime;][qode_elements_holder_item item_padding=\u00a0\u00bb7% 5%\u00a0\u00bb advanced_animations=\u00a0\u00bbno\u00a0\u00bb][vc_single_image image=\u00a0\u00bb1372&Prime; img_size=\u00a0\u00bb300&#215;300&Prime; alignment=\u00a0\u00bbcenter\u00a0\u00bb style=\u00a0\u00bbvc_box_circle_2&Prime; qode_css_animation=\u00a0\u00bb\u00a0\u00bb][\/qode_elements_holder_item][qode_elements_holder_item item_padding=\u00a0\u00bb7% 5%\u00a0\u00bb advanced_animations=\u00a0\u00bbno\u00a0\u00bb][vc_column_text]<\/p>\n<h2><span style=\"color: #3f3571;\">Groupe de soutien aux\u00a0personnes endeuill\u00e9es par\u00a0le suicide<\/span><\/h2>\n<p>[\/vc_column_text][vc_separator type=\u00a0\u00bbtransparent\u00a0\u00bb][vc_column_text]Veuillez prendre contact avec nous, au 905\u00a0953\u20115363, si vous d\u00e9sirez faire partie du groupe de soutien aux\u00a0personnes endeuill\u00e9es par\u00a0le suicide. Les r\u00e9unions ont lieu dans la r\u00e9gion de York et elles se poursuivent pendant 10\u00a0semaines.[\/vc_column_text][\/qode_elements_holder_item][\/qode_elements_holder][\/vc_column][\/vc_row][vc_row css_animation=\u00a0\u00bb\u00a0\u00bb row_type=\u00a0\u00bbrow\u00a0\u00bb use_row_as_full_screen_section=\u00a0\u00bbno\u00a0\u00bb type=\u00a0\u00bbfull_width\u00a0\u00bb anchor=\u00a0\u00bbtelephone-response\u00a0\u00bb angled_section=\u00a0\u00bbno\u00a0\u00bb text_align=\u00a0\u00bbleft\u00a0\u00bb background_image_as_pattern=\u00a0\u00bbwithout_pattern\u00a0\u00bb background_color=\u00a0\u00bb#f4f4f4&Prime;][vc_column][qode_elements_holder number_of_columns=\u00a0\u00bbtwo_columns\u00a0\u00bb columns_proportion=\u00a0\u00bb33_66&Prime;][qode_elements_holder_item item_padding=\u00a0\u00bb7% 5%\u00a0\u00bb advanced_animations=\u00a0\u00bbno\u00a0\u00bb][vc_single_image image=\u00a0\u00bb1373&Prime; img_size=\u00a0\u00bb300&#215;300&Prime; alignment=\u00a0\u00bbcenter\u00a0\u00bb style=\u00a0\u00bbvc_box_circle_2&Prime; qode_css_animation=\u00a0\u00bb\u00a0\u00bb][\/qode_elements_holder_item][qode_elements_holder_item item_padding=\u00a0\u00bb7% 5%\u00a0\u00bb advanced_animations=\u00a0\u00bbno\u00a0\u00bb][vc_column_text]<\/p>\n<h2><span style=\"color: #3f3571;\">Services d\u2019\u00e9coute\u00a0t\u00e9l\u00e9phonique\u00a0d\u2019urgence<\/span><\/h2>\n<p>[\/vc_column_text][vc_separator type=\u00a0\u00bbtransparent\u00a0\u00bb][vc_column_text]Les services d\u2019\u00e9coute\u00a0t\u00e9l\u00e9phonique pour une aide de suivi et des recommandations au sein de la communaut\u00e9 sont fournis aux personnes victimes de crimes ou d\u2019incidents tragiques<\/p>\n<p>Ces derni\u00e8res ont \u00e9galement droit \u00e0 des services d\u2019\u00e9coute\u00a0t\u00e9l\u00e9phonique, 24\u00a0heures sur 24[\/vc_column_text][\/qode_elements_holder_item][\/qode_elements_holder][\/vc_column][\/vc_row][vc_row css_animation=\u00a0\u00bb\u00a0\u00bb row_type=\u00a0\u00bbrow\u00a0\u00bb use_row_as_full_screen_section=\u00a0\u00bbno\u00a0\u00bb type=\u00a0\u00bbfull_width\u00a0\u00bb anchor=\u00a0\u00bbcommunity-collaboration\u00a0\u00bb angled_section=\u00a0\u00bbno\u00a0\u00bb text_align=\u00a0\u00bbleft\u00a0\u00bb background_image_as_pattern=\u00a0\u00bbwithout_pattern\u00a0\u00bb][vc_column][qode_elements_holder number_of_columns=\u00a0\u00bbtwo_columns\u00a0\u00bb columns_proportion=\u00a0\u00bb33_66&Prime;][qode_elements_holder_item item_padding=\u00a0\u00bb7% 5%\u00a0\u00bb advanced_animations=\u00a0\u00bbno\u00a0\u00bb][vc_single_image image=\u00a0\u00bb1374&Prime; img_size=\u00a0\u00bb300&#215;300&Prime; alignment=\u00a0\u00bbcenter\u00a0\u00bb style=\u00a0\u00bbvc_box_circle_2&Prime; qode_css_animation=\u00a0\u00bb\u00a0\u00bb][\/qode_elements_holder_item][qode_elements_holder_item item_padding=\u00a0\u00bb7% 5%\u00a0\u00bb advanced_animations=\u00a0\u00bbno\u00a0\u00bb][vc_column_text]<\/p>\n<h2><span style=\"color: #3f3571;\">Collaboration de la communaut\u00e9<\/span><\/h2>\n<p>[\/vc_column_text][vc_separator type=\u00a0\u00bbtransparent\u00a0\u00bb][vc_column_text]Services aux victimes a des liens avec divers comit\u00e9s communautaires qui r\u00e9pondent aux besoins des personnes victimes de crimes ou d\u2019incidents tragiques.<\/p>\n<p>Services aux victimes participe sur demande aux tribunes communautaires et dans les \u00e9coles pour \u00e9duquer la collectivit\u00e9 en mati\u00e8re de pr\u00e9vention, d\u2019intervention communautaire et de r\u00e9percussions sur les victimes. Afin de vous entretenir en personne avec un repr\u00e9sentant de Services aux victimes, nous vous prions d\u2019appeler SVY, au 905\u00a0953-5363.[\/vc_column_text][\/qode_elements_holder_item][\/qode_elements_holder][\/vc_column][\/vc_row]<\/p>\n","protected":false},"excerpt":{"rendered":"<p>[vc_row css_animation=\u00a0\u00bb\u00a0\u00bb row_type=\u00a0\u00bbrow\u00a0\u00bb use_row_as_full_screen_section=\u00a0\u00bbno\u00a0\u00bb type=\u00a0\u00bbfull_width\u00a0\u00bb angled_section=\u00a0\u00bbno\u00a0\u00bb text_align=\u00a0\u00bbcenter\u00a0\u00bb background_image_as_pattern=\u00a0\u00bbwithout_pattern\u00a0\u00bb side_padding=\u00a0\u00bb8&Prime; padding_top=\u00a0\u00bb60&Prime; padding_bottom=\u00a0\u00bb60&Prime; el_class=\u00a0\u00bbprograms-intro\u00a0\u00bb][vc_column][vc_column_text]Services aux victimes de la r\u00e9gion de York est un organisme de charit\u00e9 communautaire, \u00e0 but non lucratif, qui collabore avec la Police r\u00e9gionale de York et la Police provinciale de l\u2019Ontario pour prodiguer,&#8230;<\/p>\n","protected":false},"author":1,"featured_media":0,"parent":0,"menu_order":0,"comment_status":"closed","ping_status":"closed","template":"full_width.php","meta":[],"_links":{"self":[{"href":"https:\/\/www.victimservices-york.org\/fr\/wp-json\/wp\/v2\/pages\/1443"}],"collection":[{"href":"https:\/\/www.victimservices-york.org\/fr\/wp-json\/wp\/v2\/pages"}],"about":[{"href":"https:\/\/www.victimservices-york.org\/fr\/wp-json\/wp\/v2\/types\/page"}],"author":[{"embeddable":true,"href":"https:\/\/www.victimservices-york.org\/fr\/wp-json\/wp\/v2\/users\/1"}],"replies":[{"embeddable":true,"href":"https:\/\/www.victimservices-york.org\/fr\/wp-json\/wp\/v2\/comments?post=1443"}],"version-history":[{"count":1,"href":"https:\/\/www.victimservices-york.org\/fr\/wp-json\/wp\/v2\/pages\/1443\/revisions"}],"predecessor-version":[{"id":1444,"href":"https:\/\/www.victimservices-york.org\/fr\/wp-json\/wp\/v2\/pages\/1443\/revisions\/1444"}],"wp:attachment":[{"href":"https:\/\/www.victimservices-york.org\/fr\/wp-json\/wp\/v2\/media?parent=1443"}],"curies":[{"name":"wp","href":"https:\/\/api.w.org\/{rel}","templated":true}]}}