{"id":1441,"date":"2017-12-20T23:32:38","date_gmt":"2017-12-21T04:32:38","guid":{"rendered":"http:\/\/www.victimservices-york.org\/?page_id=1441"},"modified":"2017-12-20T23:33:13","modified_gmt":"2017-12-21T04:33:13","slug":"our-directors","status":"publish","type":"page","link":"https:\/\/www.victimservices-york.org\/fr\/about\/our-directors\/","title":{"rendered":"Nos administrateurs"},"content":{"rendered":"<p>[vc_row css_animation=\u00a0\u00bb\u00a0\u00bb row_type=\u00a0\u00bbrow\u00a0\u00bb use_row_as_full_screen_section=\u00a0\u00bbno\u00a0\u00bb type=\u00a0\u00bbfull_width\u00a0\u00bb angled_section=\u00a0\u00bbno\u00a0\u00bb text_align=\u00a0\u00bbcenter\u00a0\u00bb background_image_as_pattern=\u00a0\u00bbwithout_pattern\u00a0\u00bb side_padding=\u00a0\u00bb8&Prime; padding_top=\u00a0\u00bb60&Prime; padding_bottom=\u00a0\u00bb60&Prime;][vc_column][vc_column_text]<strong>Services aux victimes de la r\u00e9gion de York est r\u00e9gi par un conseil form\u00e9 d\u2019administrateurs b\u00e9n\u00e9voles.<\/strong>[\/vc_column_text][vc_separator type=\u00a0\u00bbtransparent\u00a0\u00bb][vc_column_text]Le conseil d\u2019administration soutient l\u2019organisme dans la mission et le mandat qu\u2019il s\u2019est fix\u00e9 selon le mod\u00e8le de politique de gouvernance \u00e9tabli par le conseil. Celui-ci \u00e9labore les politiques qui d\u00e9finissent et \u00e9tablissent les objectifs et les r\u00e9sultats de l\u2019organisme (mission et objectifs). Il incombe au directeur g\u00e9n\u00e9ral de mettre en \u0153uvre les moyens n\u00e9cessaires pour y arriver.[\/vc_column_text][vc_separator type=\u00a0\u00bbtransparent\u00a0\u00bb][vc_row_inner row_type=\u00a0\u00bbrow\u00a0\u00bb type=\u00a0\u00bbfull_width\u00a0\u00bb text_align=\u00a0\u00bbleft\u00a0\u00bb padding_top=\u00a0\u00bb40&Prime; padding_bottom=\u00a0\u00bb40&Prime; css_animation=\u00a0\u00bb\u00a0\u00bb el_class=\u00a0\u00bbdirectors-list\u00a0\u00bb][vc_column_inner width=\u00a0\u00bb1\/4&Prime;]<div class='q_team'><div class='q_team_inner'><div class='q_team_image'><img itemprop='image' src='https:\/\/www.victimservices-york.org\/wp-content\/uploads\/2017\/03\/staff-m.png' alt='staff-m' \/><\/div><div class='q_team_text' ><div class='q_team_text_inner'><div class='q_team_title_holder'><h5 class='q_team_name' style = 'color: #3f3571;'>Jason C. Ladd<\/h5><span style = 'color: #212121;'>pr\u00e9sident du conseil<\/span><\/div><\/div><div class='q_team_social_holder'><\/div><\/div><\/div><\/div>[\/vc_column_inner][vc_column_inner width=\u00a0\u00bb1\/4&Prime;]<div class='q_team'><div class='q_team_inner'><div class='q_team_image'><img itemprop='image' src='https:\/\/www.victimservices-york.org\/wp-content\/uploads\/2017\/03\/staff-f.png' alt='staff-f' \/><\/div><div class='q_team_text' ><div class='q_team_text_inner'><div class='q_team_title_holder'><h5 class='q_team_name' style = 'color: #3f3571;'>Yvonne Hall<\/h5><span style = 'color: #212121;'>tr\u00e9sori\u00e8re<\/span><\/div><\/div><div class='q_team_social_holder'><\/div><\/div><\/div><\/div>[\/vc_column_inner][vc_column_inner width=\u00a0\u00bb1\/4&Prime;]<div class='q_team'><div class='q_team_inner'><div class='q_team_image'><img itemprop='image' src='https:\/\/www.victimservices-york.org\/wp-content\/uploads\/2017\/03\/staff-f.png' alt='staff-f' \/><\/div><div class='q_team_text' ><div class='q_team_text_inner'><div class='q_team_title_holder'><h5 class='q_team_name' style = 'color: #3f3571;'>Cindy Scharff<\/h5><span style = 'color: #212121;'>secr\u00e9taire<\/span><\/div><\/div><div class='q_team_social_holder'><\/div><\/div><\/div><\/div>[\/vc_column_inner][vc_column_inner width=\u00a0\u00bb1\/4&Prime;]<div class='q_team'><div class='q_team_inner'><div class='q_team_image'><img itemprop='image' src='https:\/\/www.victimservices-york.org\/wp-content\/uploads\/2017\/03\/staff-f.png' alt='staff-f' \/><\/div><div class='q_team_text' ><div class='q_team_text_inner'><div class='q_team_title_holder'><h5 class='q_team_name' style = 'color: #3f3571;'>Hania Amad<\/h5><span style = 'color: #212121;'>administratrice<\/span><\/div><\/div><div class='q_team_social_holder'><\/div><\/div><\/div><\/div>[\/vc_column_inner][\/vc_row_inner][vc_row_inner row_type=\u00a0\u00bbrow\u00a0\u00bb type=\u00a0\u00bbfull_width\u00a0\u00bb text_align=\u00a0\u00bbleft\u00a0\u00bb css_animation=\u00a0\u00bb\u00a0\u00bb el_class=\u00a0\u00bbdirectors-list\u00a0\u00bb][vc_column_inner width=\u00a0\u00bb1\/4&Prime;]<div class='q_team'><div class='q_team_inner'><div class='q_team_image'><img itemprop='image' src='https:\/\/www.victimservices-york.org\/wp-content\/uploads\/2017\/03\/staff-f.png' alt='staff-f' \/><\/div><div class='q_team_text' ><div class='q_team_text_inner'><div class='q_team_title_holder'><h5 class='q_team_name' style = 'color: #3f3571;'>Constable Robin Singh<\/h5><span style = 'color: #212121;'>administratrice<\/span><\/div><\/div><div class='q_team_social_holder'><\/div><\/div><\/div><\/div>[\/vc_column_inner][vc_column_inner width=\u00a0\u00bb1\/4&Prime;]<div class='q_team'><div class='q_team_inner'><div class='q_team_image'><img itemprop='image' src='https:\/\/www.victimservices-york.org\/wp-content\/uploads\/2017\/03\/staff-m.png' alt='staff-m' \/><\/div><div class='q_team_text' ><div class='q_team_text_inner'><div class='q_team_title_holder'><h5 class='q_team_name' style = 'color: #3f3571;'>Superintendent R. Crabtree<\/h5><span style = 'color: #212121;'>administrateur<\/span><\/div><\/div><div class='q_team_social_holder'><\/div><\/div><\/div><\/div>[\/vc_column_inner][vc_column_inner width=\u00a0\u00bb1\/4&Prime;]<div class='q_team'><div class='q_team_inner'><div class='q_team_image'><img itemprop='image' src='https:\/\/www.victimservices-york.org\/wp-content\/uploads\/2017\/03\/staff-m.png' alt='staff-m' \/><\/div><div class='q_team_text' ><div class='q_team_text_inner'><div class='q_team_title_holder'><h5 class='q_team_name' style = 'color: #3f3571;'>Sean Chaudhry<\/h5><span style = 'color: #212121;'>administrateur<\/span><\/div><\/div><div class='q_team_social_holder'><\/div><\/div><\/div><\/div>[\/vc_column_inner][vc_column_inner width=\u00a0\u00bb1\/4&Prime;]<div class='q_team'><div class='q_team_inner'><div class='q_team_image'><img itemprop='image' src='https:\/\/www.victimservices-york.org\/wp-content\/uploads\/2017\/03\/staff-f.png' alt='staff-f' \/><\/div><div class='q_team_text' ><div class='q_team_text_inner'><div class='q_team_title_holder'><h5 class='q_team_name' style = 'color: #3f3571;'>Maria Ahrens<\/h5><span style = 'color: #212121;'>administratrice<\/span><\/div><\/div><div class='q_team_social_holder'><\/div><\/div><\/div><\/div>[\/vc_column_inner][\/vc_row_inner][\/vc_column][\/vc_row]<\/p>\n","protected":false},"excerpt":{"rendered":"<p>[vc_row css_animation=\u00a0\u00bb\u00a0\u00bb row_type=\u00a0\u00bbrow\u00a0\u00bb use_row_as_full_screen_section=\u00a0\u00bbno\u00a0\u00bb type=\u00a0\u00bbfull_width\u00a0\u00bb angled_section=\u00a0\u00bbno\u00a0\u00bb text_align=\u00a0\u00bbcenter\u00a0\u00bb background_image_as_pattern=\u00a0\u00bbwithout_pattern\u00a0\u00bb side_padding=\u00a0\u00bb8&Prime; padding_top=\u00a0\u00bb60&Prime; padding_bottom=\u00a0\u00bb60&Prime;][vc_column][vc_column_text]Services aux victimes de la r\u00e9gion de York est r\u00e9gi par un conseil form\u00e9 d\u2019administrateurs b\u00e9n\u00e9voles.[\/vc_column_text][vc_separator type=\u00a0\u00bbtransparent\u00a0\u00bb][vc_column_text]Le conseil d\u2019administration soutient l\u2019organisme dans la mission et le mandat qu\u2019il s\u2019est fix\u00e9 selon le mod\u00e8le de politique&#8230;<\/p>\n","protected":false},"author":1,"featured_media":0,"parent":1435,"menu_order":0,"comment_status":"closed","ping_status":"closed","template":"full_width.php","meta":[],"_links":{"self":[{"href":"https:\/\/www.victimservices-york.org\/fr\/wp-json\/wp\/v2\/pages\/1441"}],"collection":[{"href":"https:\/\/www.victimservices-york.org\/fr\/wp-json\/wp\/v2\/pages"}],"about":[{"href":"https:\/\/www.victimservices-york.org\/fr\/wp-json\/wp\/v2\/types\/page"}],"author":[{"embeddable":true,"href":"https:\/\/www.victimservices-york.org\/fr\/wp-json\/wp\/v2\/users\/1"}],"replies":[{"embeddable":true,"href":"https:\/\/www.victimservices-york.org\/fr\/wp-json\/wp\/v2\/comments?post=1441"}],"version-history":[{"count":1,"href":"https:\/\/www.victimservices-york.org\/fr\/wp-json\/wp\/v2\/pages\/1441\/revisions"}],"predecessor-version":[{"id":1442,"href":"https:\/\/www.victimservices-york.org\/fr\/wp-json\/wp\/v2\/pages\/1441\/revisions\/1442"}],"up":[{"embeddable":true,"href":"https:\/\/www.victimservices-york.org\/fr\/wp-json\/wp\/v2\/pages\/1435"}],"wp:attachment":[{"href":"https:\/\/www.victimservices-york.org\/fr\/wp-json\/wp\/v2\/media?parent=1441"}],"curies":[{"name":"wp","href":"https:\/\/api.w.org\/{rel}","templated":true}]}}