{"id":1439,"date":"2017-12-20T23:28:26","date_gmt":"2017-12-21T04:28:26","guid":{"rendered":"http:\/\/www.victimservices-york.org\/?page_id=1439"},"modified":"2017-12-20T23:30:04","modified_gmt":"2017-12-21T04:30:04","slug":"mission-statement","status":"publish","type":"page","link":"https:\/\/www.victimservices-york.org\/fr\/about\/mission-statement\/","title":{"rendered":"\u00c9nonc\u00e9 de mission"},"content":{"rendered":"<p>[vc_row css_animation=\u00a0\u00bb\u00a0\u00bb row_type=\u00a0\u00bbrow\u00a0\u00bb use_row_as_full_screen_section=\u00a0\u00bbno\u00a0\u00bb type=\u00a0\u00bbfull_width\u00a0\u00bb angled_section=\u00a0\u00bbno\u00a0\u00bb text_align=\u00a0\u00bbleft\u00a0\u00bb background_image_as_pattern=\u00a0\u00bbwithout_pattern\u00a0\u00bb side_padding=\u00a0\u00bb8&Prime; padding_top=\u00a0\u00bb60&Prime; padding_bottom=\u00a0\u00bb60&Prime; el_class=\u00a0\u00bbmission-statements\u00a0\u00bb][vc_column][qode_elements_holder number_of_columns=\u00a0\u00bbtwo_columns\u00a0\u00bb columns_proportion=\u00a0\u00bb33_66&Prime;][qode_elements_holder_item vertical_alignment=\u00a0\u00bbmiddle\u00a0\u00bb advanced_animations=\u00a0\u00bbno\u00a0\u00bb]<span data-type=\"circle\"  data-hover-icon-color=\"#3f3571\" class=\"qode_icon_shortcode fa-stack q_font_awsome_icon_stack fa-4x pull-center \" style=\" \"><i class=\"fa fa-circle fa-stack-base fa-stack-2x\" style=\"\"><\/i><i class=\"qode_icon_font_awesome fa fa-flag qode_icon_element fa-stack-1x\" style=\"\" ><\/i><\/span>[\/qode_elements_holder_item][qode_elements_holder_item vertical_alignment=\u00a0\u00bbmiddle\u00a0\u00bb advanced_animations=\u00a0\u00bbno\u00a0\u00bb][vc_column_text]<\/p>\n<h3 style=\"text-align: left;\"><span style=\"color: #3f3571;\">\u00c9nonc\u00e9 de mission<\/span><\/h3>\n<p>[\/vc_column_text][vc_separator type=\u00a0\u00bbtransparent\u00a0\u00bb][vc_column_text]Services aux victimes de la r\u00e9gion de York est un organisme de charit\u00e9 communautaire, \u00e0 but non lucratif, qui collabore sur une base de partenariat avec la Police r\u00e9gionale de York, la Police provinciale de l\u2019Ontario, le d\u00e9tachement d\u2019Aurora et York Region Fire Services. C\u2019est en prodiguant du soutien \u00e9motif, de l\u2019aide pratique et des aiguillages vers des ressources communautaires permettant d\u2019assurer un soutien continu que nous r\u00e9pondons aux besoins \u00e0 court terme des victimes de crime ou de circonstances tragiques. La prestation de nos services est fond\u00e9e sur les principes de l\u2019autonomisation et de la pr\u00e9vention en faisant appel \u00e0 l\u2019\u00e9ducation et \u00e0 la d\u00e9fense des int\u00e9r\u00eats.[\/vc_column_text][\/qode_elements_holder_item][\/qode_elements_holder][vc_separator type=\u00a0\u00bbsmall\u00a0\u00bb position=\u00a0\u00bbcenter\u00a0\u00bb color=\u00a0\u00bb#3f3571&Prime; thickness=\u00a0\u00bb1&Prime; width=\u00a0\u00bb5&Prime; width_in_percentages=\u00a0\u00bbyes\u00a0\u00bb up=\u00a0\u00bb30&Prime; down=\u00a0\u00bb30&Prime;][qode_elements_holder number_of_columns=\u00a0\u00bbtwo_columns\u00a0\u00bb columns_proportion=\u00a0\u00bb33_66&Prime;][qode_elements_holder_item vertical_alignment=\u00a0\u00bbmiddle\u00a0\u00bb advanced_animations=\u00a0\u00bbno\u00a0\u00bb]<span data-type=\"circle\"  data-hover-icon-color=\"#3f3571\" class=\"qode_icon_shortcode fa-stack q_font_awsome_icon_stack fa-4x pull-center \" style=\" \"><i class=\"fa fa-circle fa-stack-base fa-stack-2x\" style=\"\"><\/i><i class=\"qode_icon_font_awesome fa fa-compass qode_icon_element fa-stack-1x\" style=\"\" ><\/i><\/span>[\/qode_elements_holder_item][qode_elements_holder_item vertical_alignment=\u00a0\u00bbmiddle\u00a0\u00bb advanced_animations=\u00a0\u00bbno\u00a0\u00bb][vc_column_text]<\/p>\n<h3 style=\"text-align: left;\"><span style=\"color: #3f3571;\">\u00c9nonc\u00e9 de vision<\/span><\/h3>\n<p>[\/vc_column_text][vc_separator type=\u00a0\u00bbtransparent\u00a0\u00bb][vc_column_text]Que toutes les personnes qui ont \u00e9t\u00e9 victimes d\u2019un crime ou d\u2019un incident tragique dans la r\u00e9gion de York obtiennent sur le champ une aide empathique, comp\u00e9tente, attentive, efficace et solidaire, de mani\u00e8re coordonn\u00e9e avec plus de compassion et de respect pour la dignit\u00e9 personnelle et la vie priv\u00e9e, c\u2019est la vision de Victim Services of York Region Inc.[\/vc_column_text][\/qode_elements_holder_item][\/qode_elements_holder][vc_separator type=\u00a0\u00bbsmall\u00a0\u00bb position=\u00a0\u00bbcenter\u00a0\u00bb color=\u00a0\u00bb#3f3571&Prime; thickness=\u00a0\u00bb1&Prime; width=\u00a0\u00bb5&Prime; width_in_percentages=\u00a0\u00bbyes\u00a0\u00bb up=\u00a0\u00bb30&Prime; down=\u00a0\u00bb30&Prime;][qode_elements_holder number_of_columns=\u00a0\u00bbtwo_columns\u00a0\u00bb columns_proportion=\u00a0\u00bb33_66&Prime;][qode_elements_holder_item vertical_alignment=\u00a0\u00bbmiddle\u00a0\u00bb advanced_animations=\u00a0\u00bbno\u00a0\u00bb]<span data-type=\"circle\"  data-hover-icon-color=\"#3f3571\" class=\"qode_icon_shortcode fa-stack q_font_awsome_icon_stack fa-4x pull-center \" style=\" \"><i class=\"fa fa-circle fa-stack-base fa-stack-2x\" style=\"\"><\/i><i class=\"qode_icon_font_awesome fa fa-heart qode_icon_element fa-stack-1x\" style=\"\" ><\/i><\/span>[\/qode_elements_holder_item][qode_elements_holder_item vertical_alignment=\u00a0\u00bbmiddle\u00a0\u00bb advanced_animations=\u00a0\u00bbno\u00a0\u00bb][vc_column_text]<\/p>\n<h3 style=\"text-align: left;\"><span style=\"color: #3f3571;\">\u00c9nonc\u00e9 philosophique<\/span><\/h3>\n<p>[\/vc_column_text][vc_separator type=\u00a0\u00bbtransparent\u00a0\u00bb][vc_column_text]Victim Services of York Region Inc. s\u2019efforce d\u2019\u00eatre un leader dans la prestation d\u2019excellents services gr\u00e2ce \u00e0 l\u2019approche professionnelle, avis\u00e9e, confidentielle, honn\u00eate et compassionnelle qu\u2019elle prodigue aux personnes victimes de crime ou de circonstances tragiques. \u00c0 cette fin, Services of York Region Inc. croit que chaque personne vit de fa\u00e7on unique les effets d\u2019un crime ou d\u2019un incident tragique et que celle-ci a le droit d\u2019\u00eatre entour\u00e9e de personnes s\u00fbres, attentionn\u00e9es, inclusives, solidaires et non critiques avec qui partager l\u2019exp\u00e9rience qu\u2019elle a v\u00e9cue. L\u2019organisme, son conseil d\u2019administration, ses employ\u00e9s et ses b\u00e9n\u00e9voles adoptent les valeurs fondamentales qui fa\u00e7onnent son approche en mati\u00e8re de prestation de services.[\/vc_column_text][\/qode_elements_holder_item][\/qode_elements_holder][\/vc_column][\/vc_row][vc_row css_animation=\u00a0\u00bb\u00a0\u00bb row_type=\u00a0\u00bbrow\u00a0\u00bb use_row_as_full_screen_section=\u00a0\u00bbno\u00a0\u00bb type=\u00a0\u00bbgrid\u00a0\u00bb angled_section=\u00a0\u00bbno\u00a0\u00bb text_align=\u00a0\u00bbleft\u00a0\u00bb background_image_as_pattern=\u00a0\u00bbwith_pattern\u00a0\u00bb background_color=\u00a0\u00bb#f4f4f4&Prime; padding_top=\u00a0\u00bb60&Prime; padding_bottom=\u00a0\u00bb60&Prime;][vc_column][vc_column_text]<\/p>\n<h3 class=\"p1\" style=\"text-align: center;\"><span style=\"color: #319b31;\">Nos valeurs fondamentales<\/span><\/h3>\n<p>[\/vc_column_text][vc_separator type=\u00a0\u00bbtransparent\u00a0\u00bb thickness=\u00a0\u00bb30&Prime;][vc_row_inner row_type=\u00a0\u00bbrow\u00a0\u00bb type=\u00a0\u00bbfull_width\u00a0\u00bb text_align=\u00a0\u00bbleft\u00a0\u00bb css_animation=\u00a0\u00bbelement_from_top\u00a0\u00bb][vc_column_inner width=\u00a0\u00bb1\/4&Prime; offset=\u00a0\u00bbvc_col-lg-3 vc_col-md-3 vc_col-xs-6&Prime;]<div class='q_icon_with_title medium normal_icon center'><div class=\"icon_holder \" style=\" \"><span data-icon-type=\"normal\"  data-icon-hover-color=\"#49b649\" style=\"\" class=\"qode_iwt_icon_holder q_font_awsome_icon fa-3x \"><i class=\"qode_icon_font_awesome fa fa-universal-access qode_iwt_icon_element\" style=\"color: #319b31;\" ><\/i><\/span><\/div><div class=\"icon_text_holder\" style=\"\"><div class=\"icon_text_inner\" style=\"\"><h5 class=\"icon_title\" style=\"\">Accessibilit\u00e9<\/h5><p style=''><\/p><\/div><\/div><\/div>[\/vc_column_inner][vc_column_inner width=\u00a0\u00bb1\/4&Prime; offset=\u00a0\u00bbvc_col-lg-3 vc_col-md-3 vc_col-xs-6&Prime;]<div class='q_icon_with_title medium normal_icon center'><div class=\"icon_holder \" style=\" \"><span data-icon-type=\"normal\"  data-icon-hover-color=\"#49b649\" style=\"\" class=\"qode_iwt_icon_holder q_font_awsome_icon fa-3x \"><i class=\"qode_icon_font_awesome fa fa-check-circle-o qode_iwt_icon_element\" style=\"color: #319b31;\" ><\/i><\/span><\/div><div class=\"icon_text_holder\" style=\"\"><div class=\"icon_text_inner\" style=\"\"><h5 class=\"icon_title\" style=\"\">Reponsabilit\u00e9<\/h5><p style=''><\/p><\/div><\/div><\/div>[\/vc_column_inner][vc_column_inner width=\u00a0\u00bb1\/4&Prime; offset=\u00a0\u00bbvc_col-lg-3 vc_col-md-3 vc_col-xs-6&Prime;]<div class='q_icon_with_title medium normal_icon center'><div class=\"icon_holder \" style=\" \"><span data-icon-type=\"normal\"  data-icon-hover-color=\"#49b649\" style=\"\" class=\"qode_iwt_icon_holder q_font_awsome_icon fa-3x \"><i class=\"qode_icon_font_awesome fa fa-rss qode_iwt_icon_element\" style=\"color: #319b31;\" ><\/i><\/span><\/div><div class=\"icon_text_holder\" style=\"\"><div class=\"icon_text_inner\" style=\"\"><h5 class=\"icon_title\" style=\"\">Plaidoyer<\/h5><p style=''><\/p><\/div><\/div><\/div>[\/vc_column_inner][vc_column_inner width=\u00a0\u00bb1\/4&Prime; offset=\u00a0\u00bbvc_col-lg-3 vc_col-md-3 vc_col-xs-6&Prime;]<div class='q_icon_with_title medium normal_icon center'><div class=\"icon_holder \" style=\" \"><span data-icon-type=\"normal\"  data-icon-hover-color=\"#49b649\" style=\"\" class=\"qode_iwt_icon_holder q_font_awsome_icon fa-3x \"><i class=\"qode_icon_font_awesome fa fa-eye qode_iwt_icon_element\" style=\"color: #319b31;\" ><\/i><\/span><\/div><div class=\"icon_text_holder\" style=\"\"><div class=\"icon_text_inner\" style=\"\"><h5 class=\"icon_title\" style=\"\">Sensibilisation<\/h5><p style=''><\/p><\/div><\/div><\/div>[\/vc_column_inner][\/vc_row_inner][vc_separator type=\u00a0\u00bbtransparent\u00a0\u00bb][vc_row_inner row_type=\u00a0\u00bbrow\u00a0\u00bb type=\u00a0\u00bbfull_width\u00a0\u00bb text_align=\u00a0\u00bbleft\u00a0\u00bb css_animation=\u00a0\u00bbelement_from_top\u00a0\u00bb][vc_column_inner width=\u00a0\u00bb1\/4&Prime; offset=\u00a0\u00bbvc_col-lg-3 vc_col-md-3 vc_col-xs-6&Prime;]<div class='q_icon_with_title medium normal_icon center'><div class=\"icon_holder \" style=\" \"><span data-icon-type=\"normal\"  data-icon-hover-color=\"#49b649\" style=\"\" class=\"qode_iwt_icon_holder q_font_awsome_icon fa-3x \"><i class=\"qode_icon_font_awesome fa fa-comment qode_iwt_icon_element\" style=\"color: #319b31;\" ><\/i><\/span><\/div><div class=\"icon_text_holder\" style=\"\"><div class=\"icon_text_inner\" style=\"\"><h5 class=\"icon_title\" style=\"\">Collaboration<\/h5><p style=''><\/p><\/div><\/div><\/div>[\/vc_column_inner][vc_column_inner width=\u00a0\u00bb1\/4&Prime; offset=\u00a0\u00bbvc_col-lg-3 vc_col-md-3 vc_col-xs-6&Prime;]<div class='q_icon_with_title medium normal_icon center'><div class=\"icon_holder \" style=\" \"><span data-icon-type=\"normal\"  data-icon-hover-color=\"#49b649\" style=\"\" class=\"qode_iwt_icon_holder q_font_awsome_icon fa-3x \"><i class=\"qode_icon_font_awesome fa fa-heartbeat qode_iwt_icon_element\" style=\"color: #319b31;\" ><\/i><\/span><\/div><div class=\"icon_text_holder\" style=\"\"><div class=\"icon_text_inner\" style=\"\"><h5 class=\"icon_title\" style=\"\">Compassion<\/h5><p style=''><\/p><\/div><\/div><\/div>[\/vc_column_inner][vc_column_inner width=\u00a0\u00bb1\/4&Prime; offset=\u00a0\u00bbvc_col-lg-3 vc_col-md-3 vc_col-xs-6&Prime;]<div class='q_icon_with_title medium normal_icon center'><div class=\"icon_holder \" style=\" \"><span data-icon-type=\"normal\"  data-icon-hover-color=\"#49b649\" style=\"\" class=\"qode_iwt_icon_holder q_font_awsome_icon fa-3x \"><i class=\"qode_icon_font_awesome fa fa-key qode_iwt_icon_element\" style=\"color: #319b31;\" ><\/i><\/span><\/div><div class=\"icon_text_holder\" style=\"\"><div class=\"icon_text_inner\" style=\"\"><h5 class=\"icon_title\" style=\"\">Autonomisation<\/h5><p style=''><\/p><\/div><\/div><\/div>[\/vc_column_inner][vc_column_inner width=\u00a0\u00bb1\/4&Prime; offset=\u00a0\u00bbvc_col-lg-3 vc_col-md-3 vc_col-xs-6&Prime;]<div class='q_icon_with_title medium normal_icon center'><div class=\"icon_holder \" style=\" \"><span data-icon-type=\"normal\"  data-icon-hover-color=\"#49b649\" style=\"\" class=\"qode_iwt_icon_holder q_font_awsome_icon fa-3x \"><i class=\"qode_icon_font_awesome fa fa-users qode_iwt_icon_element\" style=\"color: #319b31;\" ><\/i><\/span><\/div><div class=\"icon_text_holder\" style=\"\"><div class=\"icon_text_inner\" style=\"\"><h5 class=\"icon_title\" style=\"\">Inclusivit\u00e9<\/h5><p style=''><\/p><\/div><\/div><\/div>[\/vc_column_inner][\/vc_row_inner][vc_separator type=\u00a0\u00bbtransparent\u00a0\u00bb][vc_row_inner row_type=\u00a0\u00bbrow\u00a0\u00bb type=\u00a0\u00bbfull_width\u00a0\u00bb text_align=\u00a0\u00bbleft\u00a0\u00bb css_animation=\u00a0\u00bbelement_from_top\u00a0\u00bb][vc_column_inner width=\u00a0\u00bb1\/4&Prime; offset=\u00a0\u00bbvc_col-lg-3 vc_col-md-3 vc_col-xs-6&Prime;]<div class='q_icon_with_title medium normal_icon center'><div class=\"icon_holder \" style=\" \"><span data-icon-type=\"normal\"  data-icon-hover-color=\"#49b649\" style=\"\" class=\"qode_iwt_icon_holder q_font_awsome_icon fa-3x \"><i class=\"qode_icon_font_awesome fa fa-balance-scale qode_iwt_icon_element\" style=\"color: #319b31;\" ><\/i><\/span><\/div><div class=\"icon_text_holder\" style=\"\"><div class=\"icon_text_inner\" style=\"\"><h5 class=\"icon_title\" style=\"\">Int\u00e9grit\u00e9<\/h5><p style=''><\/p><\/div><\/div><\/div>[\/vc_column_inner][vc_column_inner width=\u00a0\u00bb1\/4&Prime; offset=\u00a0\u00bbvc_col-lg-3 vc_col-md-3 vc_col-xs-6&Prime;]<div class='q_icon_with_title medium normal_icon center'><div class=\"icon_holder \" style=\" \"><span data-icon-type=\"normal\"  data-icon-hover-color=\"#49b649\" style=\"\" class=\"qode_iwt_icon_holder q_font_awsome_icon fa-3x \"><i class=\"qode_icon_font_awesome fa fa-suitcase qode_iwt_icon_element\" style=\"color: #319b31;\" ><\/i><\/span><\/div><div class=\"icon_text_holder\" style=\"\"><div class=\"icon_text_inner\" style=\"\"><h5 class=\"icon_title\" style=\"\">Professionalisme<\/h5><p style=''><\/p><\/div><\/div><\/div>[\/vc_column_inner][vc_column_inner width=\u00a0\u00bb1\/4&Prime; offset=\u00a0\u00bbvc_col-lg-3 vc_col-md-3 vc_col-xs-6&Prime;]<div class='q_icon_with_title medium normal_icon center'><div class=\"icon_holder \" style=\" \"><span data-icon-type=\"normal\"  data-icon-hover-color=\"#49b649\" style=\"\" class=\"qode_iwt_icon_holder q_font_awsome_icon fa-3x \"><i class=\"qode_icon_font_awesome fa fa-smile-o qode_iwt_icon_element\" style=\"color: #319b31;\" ><\/i><\/span><\/div><div class=\"icon_text_holder\" style=\"\"><div class=\"icon_text_inner\" style=\"\"><h5 class=\"icon_title\" style=\"\">Respect et dignit\u00e9<\/h5><p style=''><\/p><\/div><\/div><\/div>[\/vc_column_inner][vc_column_inner width=\u00a0\u00bb1\/4&Prime; offset=\u00a0\u00bbvc_col-lg-3 vc_col-md-3 vc_col-xs-6&Prime;]<div class='q_icon_with_title medium normal_icon center'><div class=\"icon_holder \" style=\" \"><span data-icon-type=\"normal\"  data-icon-hover-color=\"#49b649\" style=\"\" class=\"qode_iwt_icon_holder q_font_awsome_icon fa-3x \"><i class=\"qode_icon_font_awesome fa fa-child qode_iwt_icon_element\" style=\"color: #319b31;\" ><\/i><\/span><\/div><div class=\"icon_text_holder\" style=\"\"><div class=\"icon_text_inner\" style=\"\"><h5 class=\"icon_title\" style=\"\">B\u00e9n\u00e9volat<\/h5><p style=''><\/p><\/div><\/div><\/div>[\/vc_column_inner][\/vc_row_inner][vc_separator type=\u00a0\u00bbtransparent\u00a0\u00bb][\/vc_column][\/vc_row]<\/p>\n","protected":false},"excerpt":{"rendered":"<p>[vc_row css_animation=\u00a0\u00bb\u00a0\u00bb row_type=\u00a0\u00bbrow\u00a0\u00bb use_row_as_full_screen_section=\u00a0\u00bbno\u00a0\u00bb type=\u00a0\u00bbfull_width\u00a0\u00bb angled_section=\u00a0\u00bbno\u00a0\u00bb text_align=\u00a0\u00bbleft\u00a0\u00bb background_image_as_pattern=\u00a0\u00bbwithout_pattern\u00a0\u00bb side_padding=\u00a0\u00bb8&Prime; padding_top=\u00a0\u00bb60&Prime; padding_bottom=\u00a0\u00bb60&Prime; el_class=\u00a0\u00bbmission-statements\u00a0\u00bb][vc_column][qode_elements_holder number_of_columns=\u00a0\u00bbtwo_columns\u00a0\u00bb columns_proportion=\u00a0\u00bb33_66&Prime;][qode_elements_holder_item vertical_alignment=\u00a0\u00bbmiddle\u00a0\u00bb advanced_animations=\u00a0\u00bbno\u00a0\u00bb][\/qode_elements_holder_item][qode_elements_holder_item vertical_alignment=\u00a0\u00bbmiddle\u00a0\u00bb advanced_animations=\u00a0\u00bbno\u00a0\u00bb][vc_column_text] \u00c9nonc\u00e9 de mission [\/vc_column_text][vc_separator type=\u00a0\u00bbtransparent\u00a0\u00bb][vc_column_text]Services aux victimes de la r\u00e9gion de York est un organisme de charit\u00e9 communautaire, \u00e0 but non lucratif, qui collabore sur une base&#8230;<\/p>\n","protected":false},"author":1,"featured_media":0,"parent":1435,"menu_order":0,"comment_status":"closed","ping_status":"closed","template":"full_width.php","meta":[],"_links":{"self":[{"href":"https:\/\/www.victimservices-york.org\/fr\/wp-json\/wp\/v2\/pages\/1439"}],"collection":[{"href":"https:\/\/www.victimservices-york.org\/fr\/wp-json\/wp\/v2\/pages"}],"about":[{"href":"https:\/\/www.victimservices-york.org\/fr\/wp-json\/wp\/v2\/types\/page"}],"author":[{"embeddable":true,"href":"https:\/\/www.victimservices-york.org\/fr\/wp-json\/wp\/v2\/users\/1"}],"replies":[{"embeddable":true,"href":"https:\/\/www.victimservices-york.org\/fr\/wp-json\/wp\/v2\/comments?post=1439"}],"version-history":[{"count":1,"href":"https:\/\/www.victimservices-york.org\/fr\/wp-json\/wp\/v2\/pages\/1439\/revisions"}],"predecessor-version":[{"id":1440,"href":"https:\/\/www.victimservices-york.org\/fr\/wp-json\/wp\/v2\/pages\/1439\/revisions\/1440"}],"up":[{"embeddable":true,"href":"https:\/\/www.victimservices-york.org\/fr\/wp-json\/wp\/v2\/pages\/1435"}],"wp:attachment":[{"href":"https:\/\/www.victimservices-york.org\/fr\/wp-json\/wp\/v2\/media?parent=1439"}],"curies":[{"name":"wp","href":"https:\/\/api.w.org\/{rel}","templated":true}]}}