{"id":1435,"date":"2017-12-20T23:17:42","date_gmt":"2017-12-21T04:17:42","guid":{"rendered":"http:\/\/www.victimservices-york.org\/?page_id=1435"},"modified":"2017-12-20T23:23:12","modified_gmt":"2017-12-21T04:23:12","slug":"about","status":"publish","type":"page","link":"https:\/\/www.victimservices-york.org\/fr\/about\/","title":{"rendered":"\u00c0 propos"},"content":{"rendered":"<p>[vc_row css_animation=\u00a0\u00bb\u00a0\u00bb row_type=\u00a0\u00bbrow\u00a0\u00bb use_row_as_full_screen_section=\u00a0\u00bbno\u00a0\u00bb type=\u00a0\u00bbfull_width\u00a0\u00bb angled_section=\u00a0\u00bbno\u00a0\u00bb text_align=\u00a0\u00bbcenter\u00a0\u00bb background_image_as_pattern=\u00a0\u00bbwithout_pattern\u00a0\u00bb padding_top=\u00a0\u00bb20&Prime; padding_bottom=\u00a0\u00bb20&Prime; el_class=\u00a0\u00bbabout-intro\u00a0\u00bb][vc_column][qode_elements_holder number_of_columns=\u00a0\u00bbtwo_columns\u00a0\u00bb][qode_elements_holder_item item_padding=\u00a0\u00bb10%\u00a0\u00bb vertical_alignment=\u00a0\u00bbmiddle\u00a0\u00bb advanced_animations=\u00a0\u00bbno\u00a0\u00bb][vc_column_text]<\/p>\n<h3><span style=\"color: #3f3571;\">Services aux victimes de la r\u00e9gion de York<br \/>\n<\/span><\/h3>\n<p>[\/vc_column_text][vc_separator type=\u00a0\u00bbtransparent\u00a0\u00bb][vc_column_text]Nous offrons sur le champ du soutien affectif, des services pratiques, des informations et des recommandations aux personnes victimes de crimes ou d\u2019incidents tragiques.[\/vc_column_text][vc_separator type=\u00a0\u00bbtransparent\u00a0\u00bb]<a  itemprop=\"url\" href=\"https:\/\/youtu.be\/B-TFeAt0NP8\" target=\"_blank\"  class=\"qbutton  default\" style=\"\">Nous vous invitons \u00e0 regarder la vid\u00e9o<i class=\"qode_icon_font_awesome fa fa-play qode_button_icon_element\" style=\"\" ><\/i><\/a>[\/qode_elements_holder_item][qode_elements_holder_item item_padding=\u00a0\u00bb0 10% 0&Prime; vertical_alignment=\u00a0\u00bbmiddle\u00a0\u00bb advanced_animations=\u00a0\u00bbno\u00a0\u00bb][vc_column_text]<\/p>\n<h6>Nous pouvons vous aider si vous avez v\u00e9cu l\u2019une ou l\u2019autre des situations suivantes\u00a0:<\/h6>\n<p>[\/vc_column_text][vc_separator type=\u00a0\u00bbtransparent\u00a0\u00bb][vc_column_text el_class=\u00a0\u00bbsituations-list\u00a0\u00bb]Agression, incendie criminel, introduction par effraction, harc\u00e8lement criminel (traque), violence familiale, crise familiale, fraude, incendie, chagrin et deuil, homicide, disparition d\u2019une personne, collision automobile, vol qualifi\u00e9, agression sexuelle, mort subite, suicide[\/vc_column_text][\/qode_elements_holder_item][\/qode_elements_holder][\/vc_column][\/vc_row][vc_row css_animation=\u00a0\u00bb\u00a0\u00bb row_type=\u00a0\u00bbrow\u00a0\u00bb use_row_as_full_screen_section=\u00a0\u00bbno\u00a0\u00bb type=\u00a0\u00bbfull_width\u00a0\u00bb angled_section=\u00a0\u00bbno\u00a0\u00bb text_align=\u00a0\u00bbcenter\u00a0\u00bb background_image=\u00a0\u00bb847&Prime; background_image_as_pattern=\u00a0\u00bbwith_pattern\u00a0\u00bb background_color=\u00a0\u00bb#3f3571&Prime; side_padding=\u00a0\u00bb8&Prime; padding_top=\u00a0\u00bb60&Prime; padding_bottom=\u00a0\u00bb60&Prime; el_class=\u00a0\u00bbwhite about-examples\u00a0\u00bb][vc_column css_animation=\u00a0\u00bbnone\u00a0\u00bb][vc_column_text]<\/p>\n<h6>Exemples d\u2019incidents pour lesquels les Services aux victimes ont pr\u00eat\u00e9 main forte\u00a0:<\/h6>\n<p>[\/vc_column_text][vc_separator type=\u00a0\u00bbtransparent\u00a0\u00bb][vc_row_inner row_type=\u00a0\u00bbrow\u00a0\u00bb type=\u00a0\u00bbfull_width\u00a0\u00bb text_align=\u00a0\u00bbleft\u00a0\u00bb css_animation=\u00a0\u00bb\u00a0\u00bb][vc_column_inner width=\u00a0\u00bb1\/2&Prime;]<div class='q_list circle'><\/p>\n<ul>\n<li>Une famille faisant face \u00e0 la mort tragique de leur fils dans un accident automobile<\/li>\n<li>Une jeune femme qui devait surmonter le traumatisme v\u00e9cu \u00e0 la suite d\u2019une agression sexuelle<\/li>\n<li>Des parents qui essayaient de comprendre pourquoi leur adolescent s\u2019est suicid\u00e9<\/li>\n<\/ul>\n<p><\/div>[\/vc_column_inner][vc_column_inner width=\u00a0\u00bb1\/2&Prime;]<div class='q_list circle'><\/p>\n<ul>\n<li>Une femme essayant de surmonter le traumatisme d\u2019une agression sexuelle inflig\u00e9e par son mari<\/li>\n<li>Des travailleurs tentant de surmonter un accident fatal impliquant un de leurs coll\u00e8gues dans un lieu de travail industriel<\/li>\n<li>Une personne gaie de sexe masculin fuyant une relation abusive et cherchant un refuge<\/li>\n<\/ul>\n<p><\/div>[\/vc_column_inner][\/vc_row_inner][\/vc_column][\/vc_row][vc_row css_animation=\u00a0\u00bb\u00a0\u00bb row_type=\u00a0\u00bbrow\u00a0\u00bb use_row_as_full_screen_section=\u00a0\u00bbno\u00a0\u00bb type=\u00a0\u00bbfull_width\u00a0\u00bb angled_section=\u00a0\u00bbno\u00a0\u00bb text_align=\u00a0\u00bbleft\u00a0\u00bb background_image_as_pattern=\u00a0\u00bbwithout_pattern\u00a0\u00bb side_padding=\u00a0\u00bb8&Prime; padding_top=\u00a0\u00bb80&Prime; padding_bottom=\u00a0\u00bb80&Prime; el_class=\u00a0\u00bbabout-roles\u00a0\u00bb][vc_column][vc_column_text]<\/p>\n<h2 style=\"text-align: center;\"><span style=\"color: #319b31;\">Nos r\u00f4les dans la collectivit\u00e9<\/span><\/h2>\n<p>[\/vc_column_text][vc_separator type=\u00a0\u00bbtransparent\u00a0\u00bb][vc_column_text]<\/p>\n<p style=\"text-align: center;\">Nous croyons que chaque personne vit les r\u00e9percussions d\u2019un crime ou d\u2019un incident tragique de mani\u00e8re diff\u00e9rente.<br \/>\nDe m\u00eame, nous croyons que ces exp\u00e9riences doivent \u00eatre partag\u00e9es dans un milieu s\u00e9curitaire, favorable et exempt de jugement.<\/p>\n<p>[\/vc_column_text][vc_separator type=\u00a0\u00bbtransparent\u00a0\u00bb][vc_row_inner row_type=\u00a0\u00bbrow\u00a0\u00bb type=\u00a0\u00bbfull_width\u00a0\u00bb text_align=\u00a0\u00bbleft\u00a0\u00bb side_padding=\u00a0\u00bb8&Prime; padding_top=\u00a0\u00bb40&Prime; padding_bottom=\u00a0\u00bb40&Prime; css_animation=\u00a0\u00bb\u00a0\u00bb el_class=\u00a0\u00bbabout-roles1&Prime;][vc_column_inner width=\u00a0\u00bb1\/3&Prime;]<div class='q_icon_with_title tiny circle'><div class=\"icon_holder q_icon_animation\" style=\" transition-delay: 0ms; -webkit-transition-delay: 0ms; -moz-transition-delay: 0ms; -o-transition-delay: 0ms;\"><span data-icon-type=\"circle\" data-icon-hover-color=\"#ffffff\" data-icon-hover-bg-color=\"#319b31\" class=\"qode_iwt_icon_holder fa-stack fa-lg \" style=\"border-color: #319b31;background-color: #319b31;\"><i class=\"qode_icon_font_awesome fa fa-ambulance qode_iwt_icon_element\" style=\"color: #ffffff;\" ><\/i><\/span><\/div><div class=\"icon_text_holder\" style=\"\"><div class=\"icon_text_inner\" style=\"\"><h5 class=\"icon_title\" style=\"\"><\/h5><p style=''>Afin d\u2019aider les victimes \u00e0 faire face aux incidences d\u2019un crime ou d\u2019un incident tragique<\/p><\/div><\/div><\/div>[\/vc_column_inner][vc_column_inner width=\u00a0\u00bb1\/3&Prime;]<div class='q_icon_with_title tiny circle'><div class=\"icon_holder q_icon_animation\" style=\" transition-delay: 100ms; -webkit-transition-delay: 100ms; -moz-transition-delay: 100ms; -o-transition-delay: 100ms;\"><span data-icon-type=\"circle\" data-icon-hover-color=\"#ffffff\" data-icon-hover-bg-color=\"#319b31\" class=\"qode_iwt_icon_holder fa-stack fa-lg \" style=\"border-color: #319b31;background-color: #319b31;\"><i class=\"qode_icon_font_awesome fa fa-ambulance qode_iwt_icon_element\" style=\"color: #ffffff;\" ><\/i><\/span><\/div><div class=\"icon_text_holder\" style=\"\"><div class=\"icon_text_inner\" style=\"\"><h5 class=\"icon_title\" style=\"\"><\/h5><p style=''>Afin de favoriser l\u2019acc\u00e8s des victimes \u00e0 des services de soutien appropri\u00e9s offerts dans la collectivit\u00e9<\/p><\/div><\/div><\/div>[\/vc_column_inner][vc_column_inner width=\u00a0\u00bb1\/3&Prime;]<div class='q_icon_with_title tiny circle'><div class=\"icon_holder q_icon_animation\" style=\" transition-delay: 200ms; -webkit-transition-delay: 200ms; -moz-transition-delay: 200ms; -o-transition-delay: 200ms;\"><span data-icon-type=\"circle\" data-icon-hover-color=\"#ffffff\" data-icon-hover-bg-color=\"#319b31\" class=\"qode_iwt_icon_holder fa-stack fa-lg \" style=\"border-color: #319b31;background-color: #319b31;\"><i class=\"qode_icon_font_awesome fa fa-ambulance qode_iwt_icon_element\" style=\"color: #ffffff;\" ><\/i><\/span><\/div><div class=\"icon_text_holder\" style=\"\"><div class=\"icon_text_inner\" style=\"\"><h5 class=\"icon_title\" style=\"\"><\/h5><p style=''>Afin de r\u00e9duire les s\u00e9vices traumatiques v\u00e9cus par les victimes et leur famille<\/p><\/div><\/div><\/div>[\/vc_column_inner][\/vc_row_inner][vc_row_inner row_type=\u00a0\u00bbrow\u00a0\u00bb type=\u00a0\u00bbfull_width\u00a0\u00bb text_align=\u00a0\u00bbleft\u00a0\u00bb side_padding=\u00a0\u00bb8&Prime; css_animation=\u00a0\u00bb\u00a0\u00bb][vc_column_inner width=\u00a0\u00bb1\/3&Prime;]<div class='q_icon_with_title tiny circle'><div class=\"icon_holder q_icon_animation\" style=\" transition-delay: 300ms; -webkit-transition-delay: 300ms; -moz-transition-delay: 300ms; -o-transition-delay: 300ms;\"><span data-icon-type=\"circle\" data-icon-hover-color=\"#ffffff\" data-icon-hover-bg-color=\"#319b31\" class=\"qode_iwt_icon_holder fa-stack fa-lg \" style=\"border-color: #319b31;background-color: #319b31;\"><i class=\"qode_icon_font_awesome fa fa-ambulance qode_iwt_icon_element\" style=\"color: #ffffff;\" ><\/i><\/span><\/div><div class=\"icon_text_holder\" style=\"\"><div class=\"icon_text_inner\" style=\"\"><h5 class=\"icon_title\" style=\"\"><\/h5><p style=''>Afin de promouvoir l\u2019aide aux victimes et l\u2019\u00e9ducation communautaire<\/p><\/div><\/div><\/div>[\/vc_column_inner][vc_column_inner width=\u00a0\u00bb1\/3&Prime;]<div class='q_icon_with_title tiny circle'><div class=\"icon_holder q_icon_animation\" style=\" transition-delay: 400ms; -webkit-transition-delay: 400ms; -moz-transition-delay: 400ms; -o-transition-delay: 400ms;\"><span data-icon-type=\"circle\" data-icon-hover-color=\"#ffffff\" data-icon-hover-bg-color=\"#319b31\" class=\"qode_iwt_icon_holder fa-stack fa-lg \" style=\"border-color: #319b31;background-color: #319b31;\"><i class=\"qode_icon_font_awesome fa fa-ambulance qode_iwt_icon_element\" style=\"color: #ffffff;\" ><\/i><\/span><\/div><div class=\"icon_text_holder\" style=\"\"><div class=\"icon_text_inner\" style=\"\"><h5 class=\"icon_title\" style=\"\"><\/h5><p style=''>Afin d\u2019offrir l\u2019occasion \u00e0 la collectivit\u00e9 de s\u2019impliquer davantage pour contrer les effets du crime<\/p><\/div><\/div><\/div>[\/vc_column_inner][vc_column_inner width=\u00a0\u00bb1\/3&Prime;]<div class='q_icon_with_title tiny circle'><div class=\"icon_holder q_icon_animation\" style=\" transition-delay: 500ms; -webkit-transition-delay: 500ms; -moz-transition-delay: 500ms; -o-transition-delay: 500ms;\"><span data-icon-type=\"circle\" data-icon-hover-color=\"#ffffff\" data-icon-hover-bg-color=\"#319b31\" class=\"qode_iwt_icon_holder fa-stack fa-lg \" style=\"border-color: #319b31;background-color: #319b31;\"><i class=\"qode_icon_font_awesome fa fa-ambulance qode_iwt_icon_element\" style=\"color: #ffffff;\" ><\/i><\/span><\/div><div class=\"icon_text_holder\" style=\"\"><div class=\"icon_text_inner\" style=\"\"><h5 class=\"icon_title\" style=\"\"><\/h5><p style=''>Afin d\u2019am\u00e9liorer la pr\u00e9vention au moyen de l\u2019\u00e9ducation<\/p><\/div><\/div><\/div>[\/vc_column_inner][\/vc_row_inner][\/vc_column][\/vc_row]<\/p>\n","protected":false},"excerpt":{"rendered":"<p>[vc_row css_animation=\u00a0\u00bb\u00a0\u00bb row_type=\u00a0\u00bbrow\u00a0\u00bb use_row_as_full_screen_section=\u00a0\u00bbno\u00a0\u00bb type=\u00a0\u00bbfull_width\u00a0\u00bb angled_section=\u00a0\u00bbno\u00a0\u00bb text_align=\u00a0\u00bbcenter\u00a0\u00bb background_image_as_pattern=\u00a0\u00bbwithout_pattern\u00a0\u00bb padding_top=\u00a0\u00bb20&Prime; padding_bottom=\u00a0\u00bb20&Prime; el_class=\u00a0\u00bbabout-intro\u00a0\u00bb][vc_column][qode_elements_holder number_of_columns=\u00a0\u00bbtwo_columns\u00a0\u00bb][qode_elements_holder_item item_padding=\u00a0\u00bb10%\u00a0\u00bb vertical_alignment=\u00a0\u00bbmiddle\u00a0\u00bb advanced_animations=\u00a0\u00bbno\u00a0\u00bb][vc_column_text] Services aux victimes de la r\u00e9gion de York [\/vc_column_text][vc_separator type=\u00a0\u00bbtransparent\u00a0\u00bb][vc_column_text]Nous offrons sur le champ du soutien affectif, des services pratiques, des informations et des recommandations aux personnes victimes de crimes&#8230;<\/p>\n","protected":false},"author":1,"featured_media":0,"parent":0,"menu_order":0,"comment_status":"closed","ping_status":"closed","template":"full_width.php","meta":[],"_links":{"self":[{"href":"https:\/\/www.victimservices-york.org\/fr\/wp-json\/wp\/v2\/pages\/1435"}],"collection":[{"href":"https:\/\/www.victimservices-york.org\/fr\/wp-json\/wp\/v2\/pages"}],"about":[{"href":"https:\/\/www.victimservices-york.org\/fr\/wp-json\/wp\/v2\/types\/page"}],"author":[{"embeddable":true,"href":"https:\/\/www.victimservices-york.org\/fr\/wp-json\/wp\/v2\/users\/1"}],"replies":[{"embeddable":true,"href":"https:\/\/www.victimservices-york.org\/fr\/wp-json\/wp\/v2\/comments?post=1435"}],"version-history":[{"count":3,"href":"https:\/\/www.victimservices-york.org\/fr\/wp-json\/wp\/v2\/pages\/1435\/revisions"}],"predecessor-version":[{"id":1438,"href":"https:\/\/www.victimservices-york.org\/fr\/wp-json\/wp\/v2\/pages\/1435\/revisions\/1438"}],"wp:attachment":[{"href":"https:\/\/www.victimservices-york.org\/fr\/wp-json\/wp\/v2\/media?parent=1435"}],"curies":[{"name":"wp","href":"https:\/\/api.w.org\/{rel}","templated":true}]}}