{"id":1418,"date":"2017-12-20T22:16:09","date_gmt":"2017-12-21T03:16:09","guid":{"rendered":"http:\/\/www.victimservices-york.org\/?page_id=1418"},"modified":"2017-12-20T22:34:32","modified_gmt":"2017-12-21T03:34:32","slug":"home","status":"publish","type":"page","link":"https:\/\/www.victimservices-york.org\/fr\/","title":{"rendered":"Home"},"content":{"rendered":"<p>[vc_row row_type=\u00a0\u00bbparallax\u00a0\u00bb parallax_content_width=\u00a0\u00bbin_grid\u00a0\u00bb anchor=\u00a0\u00bbabout\u00a0\u00bb text_align=\u00a0\u00bbleft\u00a0\u00bb background_image=\u00a0\u00bb1367&Prime; full_screen_section_height=\u00a0\u00bbno\u00a0\u00bb section_height=\u00a0\u00bb452&Prime;][vc_column css_animation=\u00a0\u00bbnone\u00a0\u00bb][vc_row_inner row_type=\u00a0\u00bbrow\u00a0\u00bb type=\u00a0\u00bbfull_width\u00a0\u00bb text_align=\u00a0\u00bbleft\u00a0\u00bb padding_top=\u00a0\u00bb80&Prime; padding_bottom=\u00a0\u00bb80&Prime; css_animation=\u00a0\u00bb\u00a0\u00bb][vc_column_inner width=\u00a0\u00bb1\/2&Prime;][vc_video link=\u00a0\u00bbhttps:\/\/youtu.be\/B-TFeAt0NP8&Prime;][\/vc_column_inner][vc_column_inner width=\u00a0\u00bb1\/2&Prime;][vc_column_text]<\/p>\n<h1>\u00c0 propos de nous<\/h1>\n<p><strong>Services aux victimes de la r\u00e9gion de York<\/strong> est un organisme de bienfaisance \u00e0\u00a0but non lucratif\u00a0qui collabore avec la Police r\u00e9gionale de York et la Police provinciale de l\u2019Ontario en vue de prodiguer, 24\u00a0heures sur\u00a024, du soutien affectif et des services pratiques aux victimes de crimes ou d\u2019incidents tragiques.[\/vc_column_text][vc_separator type=\u00a0\u00bbtransparent\u00a0\u00bb]<a  itemprop=\"url\" href=\"\/about\/\" target=\"_self\"  class=\"qbutton  default\" style=\"border-radius: 6px;-moz-border-radius: 6px;-webkit-border-radius: 6px; \">Apprenez-en davantage<\/a>[\/vc_column_inner][\/vc_row_inner][\/vc_column][\/vc_row][vc_row css_animation=\u00a0\u00bb\u00a0\u00bb row_type=\u00a0\u00bbrow\u00a0\u00bb use_row_as_full_screen_section=\u00a0\u00bbno\u00a0\u00bb type=\u00a0\u00bbfull_width\u00a0\u00bb angled_section=\u00a0\u00bbno\u00a0\u00bb text_align=\u00a0\u00bbleft\u00a0\u00bb background_image_as_pattern=\u00a0\u00bbwithout_pattern\u00a0\u00bb el_class=\u00a0\u00bbprograms-elements\u00a0\u00bb][vc_column][vc_row_inner row_type=\u00a0\u00bbrow\u00a0\u00bb type=\u00a0\u00bbfull_width\u00a0\u00bb text_align=\u00a0\u00bbcenter\u00a0\u00bb background_color=\u00a0\u00bb#3f3571&Prime; padding_top=\u00a0\u00bb60&Prime; padding_bottom=\u00a0\u00bb75&Prime; css_animation=\u00a0\u00bb\u00a0\u00bb][vc_column_inner][vc_column_text]<\/p>\n<h1><span style=\"color: #ffffff;\">Programmes<\/span><\/h1>\n<p><span style=\"color: #ffffff;\">Services aux victimes de la r\u00e9gion de York est un organisme de bienfaisance \u00e0\u00a0but non lucratif\u00a0qui collabore<br \/>\navec la Police r\u00e9gionale de York et la Police provinciale de l\u2019Ontario en vue de prodiguer, 24\u00a0heures sur\u00a024,<br \/>\ndu soutien affectif et des services pratiques aux victimes de crimes ou d\u2019incidents tragiques.<\/span>[\/vc_column_text][\/vc_column_inner][\/vc_row_inner][qode_elements_holder number_of_columns=\u00a0\u00bbthree_columns\u00a0\u00bb][qode_elements_holder_item background_color=\u00a0\u00bb#212121&Prime; background_image=\u00a0\u00bb1368&Prime; item_padding=\u00a0\u00bb22% 16%\u00a0\u00bb vertical_alignment=\u00a0\u00bbmiddle\u00a0\u00bb advanced_animations=\u00a0\u00bbno\u00a0\u00bb][vc_column_text]<\/p>\n<h3 style=\"text-align: center;\">Intervention sur place<\/h3>\n<p style=\"text-align: center;\">On-call 24\/7 to York Regional Police and Ontario Provincial police.<\/p>\n<p>[\/vc_column_text][vc_separator type=\u00a0\u00bbtransparent\u00a0\u00bb thickness=\u00a0\u00bb10&Prime; up=\u00a0\u00bb0&Prime; down=\u00a0\u00bb0&Prime;]<a  itemprop=\"url\" href=\"\/programs\/#on-scene-response\" target=\"_self\"  class=\"qbutton  white default\" style=\"\">Apprenez-en davantage<\/a>[\/qode_elements_holder_item][qode_elements_holder_item background_color=\u00a0\u00bb#caccdb\u00a0\u00bb background_image=\u00a0\u00bb1369&Prime; item_padding=\u00a0\u00bb22% 16%\u00a0\u00bb vertical_alignment=\u00a0\u00bbmiddle\u00a0\u00bb advanced_animations=\u00a0\u00bbno\u00a0\u00bb][vc_column_text]<\/p>\n<h3 style=\"text-align: center;\">Programme d\u2019intervention rapide aupr\u00e8s des victimes<\/h3>\n<p style=\"text-align: center;\">Provide timely assistance to victims of the most violent crimes.<\/p>\n<p>[\/vc_column_text][vc_separator type=\u00a0\u00bbtransparent\u00a0\u00bb thickness=\u00a0\u00bb10&Prime; up=\u00a0\u00bb0&Prime; down=\u00a0\u00bb0&Prime;]<a  itemprop=\"url\" href=\"\/programs\/#vqrp\" target=\"_self\"  class=\"qbutton  white default\" style=\"\">Apprenez-en davantage<\/a>[\/qode_elements_holder_item][qode_elements_holder_item background_color=\u00a0\u00bb#212121&Prime; background_image=\u00a0\u00bb1370&Prime; item_padding=\u00a0\u00bb22% 16%\u00a0\u00bb vertical_alignment=\u00a0\u00bbmiddle\u00a0\u00bb advanced_animations=\u00a0\u00bbno\u00a0\u00bb][vc_column_text]<\/p>\n<h3 style=\"text-align: center;\">Groupe de soutien pour survivants d\u2019un homicide<\/h3>\n<p style=\"text-align: center;\">Provides emotional support and information to homicide survivors.<\/p>\n<p>[\/vc_column_text][vc_separator type=\u00a0\u00bbtransparent\u00a0\u00bb thickness=\u00a0\u00bb10&Prime; up=\u00a0\u00bb0&Prime; down=\u00a0\u00bb0&Prime;]<a  itemprop=\"url\" href=\"\/programs\/#homicide-support\" target=\"_self\"  class=\"qbutton  white default\" style=\"\">Apprenez-en davantage<\/a>[\/qode_elements_holder_item][\/qode_elements_holder][qode_elements_holder number_of_columns=\u00a0\u00bbthree_columns\u00a0\u00bb][qode_elements_holder_item background_color=\u00a0\u00bb#caccdb\u00a0\u00bb background_image=\u00a0\u00bb1372&Prime; item_padding=\u00a0\u00bb22% 16%\u00a0\u00bb vertical_alignment=\u00a0\u00bbmiddle\u00a0\u00bb advanced_animations=\u00a0\u00bbno\u00a0\u00bb][vc_column_text]<\/p>\n<h3 style=\"text-align: center;\">Groupe de soutien aux\u00a0personnes endeuill\u00e9es par\u00a0le suicide<\/h3>\n<p style=\"text-align: center;\">Contact to attend a suicide bereavement support group in York Region.<\/p>\n<p>[\/vc_column_text][vc_separator type=\u00a0\u00bbtransparent\u00a0\u00bb thickness=\u00a0\u00bb10&Prime; up=\u00a0\u00bb0&Prime; down=\u00a0\u00bb0&Prime;]<a  itemprop=\"url\" href=\"\/programs\/#suicide-support\" target=\"_self\"  class=\"qbutton  white default\" style=\"\">Apprenez-en davantage<\/a>[\/qode_elements_holder_item][qode_elements_holder_item background_color=\u00a0\u00bb#212121&Prime; background_image=\u00a0\u00bb1373&Prime; item_padding=\u00a0\u00bb22% 16%\u00a0\u00bb vertical_alignment=\u00a0\u00bbmiddle\u00a0\u00bb advanced_animations=\u00a0\u00bbno\u00a0\u00bb][vc_column_text]<\/p>\n<h3 style=\"text-align: center;\">Services d\u2019\u00e9coute\u00a0t\u00e9l\u00e9phonique<br \/>\nd\u2019urgence<\/h3>\n<p style=\"text-align: center;\">Follow-up assistance and community referrals by telephone.<\/p>\n<p>[\/vc_column_text][vc_separator type=\u00a0\u00bbtransparent\u00a0\u00bb thickness=\u00a0\u00bb10&Prime; up=\u00a0\u00bb0&Prime; down=\u00a0\u00bb0&Prime;]<a  itemprop=\"url\" href=\"\/programs\/#telephone-response\" target=\"_self\"  class=\"qbutton  white default\" style=\"\">Apprenez-en davantage<\/a>[\/qode_elements_holder_item][qode_elements_holder_item background_color=\u00a0\u00bb#caccdb\u00a0\u00bb background_image=\u00a0\u00bb1374&Prime; item_padding=\u00a0\u00bb22% 16%\u00a0\u00bb vertical_alignment=\u00a0\u00bbmiddle\u00a0\u00bb advanced_animations=\u00a0\u00bbno\u00a0\u00bb][vc_column_text]<\/p>\n<h3 style=\"text-align: center;\">Collaboration communautaire<\/h3>\n<p style=\"text-align: center;\">Addressing the needs of victims of crime on variety of community committees.<\/p>\n<p>[\/vc_column_text][vc_separator type=\u00a0\u00bbtransparent\u00a0\u00bb thickness=\u00a0\u00bb10&Prime; up=\u00a0\u00bb0&Prime; down=\u00a0\u00bb0&Prime;]<a  itemprop=\"url\" href=\"\/programs\/#community-collaboration\" target=\"_self\"  class=\"qbutton  white default\" style=\"\">Apprenez-en davantage<\/a>[\/qode_elements_holder_item][\/qode_elements_holder][\/vc_column][\/vc_row][vc_row css_animation=\u00a0\u00bb\u00a0\u00bb row_type=\u00a0\u00bbrow\u00a0\u00bb use_row_as_full_screen_section=\u00a0\u00bbno\u00a0\u00bb type=\u00a0\u00bbfull_width\u00a0\u00bb angled_section=\u00a0\u00bbno\u00a0\u00bb text_align=\u00a0\u00bbcenter\u00a0\u00bb background_image_as_pattern=\u00a0\u00bbwithout_pattern\u00a0\u00bb background_color=\u00a0\u00bb#f8f8f8&Prime; padding_top=\u00a0\u00bb80&Prime; padding_bottom=\u00a0\u00bb40&Prime; el_class=\u00a0\u00bbdifference-row\u00a0\u00bb][vc_column][vc_column_text]<\/p>\n<h1 style=\"text-align: center;\"><span style=\"color: #319b31;\">Appuyez-nous et ensemble,<br \/>\nchangeons les choses<\/span><\/h1>\n<p style=\"text-align: center;\">Vous pouvez contribuer de multiples fa\u00e7ons \u00e0 am\u00e9liorer les conditions de vie des victimes de crimes gr\u00e2ce \u00e0 SVY<\/p>\n<p>[\/vc_column_text][qode_elements_holder number_of_columns=\u00a0\u00bbtwo_columns\u00a0\u00bb][qode_elements_holder_item item_padding=\u00a0\u00bb10% 0 10% 25%\u00a0\u00bb vertical_alignment=\u00a0\u00bbmiddle\u00a0\u00bb advanced_animations=\u00a0\u00bbno\u00a0\u00bb]<div class='q_icon_with_title medium normal_icon center'><div class=\"icon_holder \" style=\" \"><span data-icon-type=\"normal\"  data-icon-hover-color=\"#319b31\" style=\"\" class=\"qode_iwt_icon_holder q_font_awsome_icon fa-3x \"><i class=\"qode_icon_font_awesome fa fa-volume-control-phone qode_iwt_icon_element\" style=\"color: #212121;\" ><\/i><\/span><\/div><div class=\"icon_text_holder\" style=\"\"><div class=\"icon_text_inner\" style=\"\"><h3 class=\"icon_title\" style=\"color: #319b31;\">Comment puis-je aider?<\/h3><p style=''>Changer les choses dans votre collectivit\u00e9<\/p><\/div><\/div><\/div><a  itemprop=\"url\" href=\"\/volunteer\/\" target=\"_self\" data-hover-background-color=#319b31 data-hover-border-color=#319b31 data-hover-color=#ffffff class=\"qbutton  default\" style=\"color: #319b31; border-color: #319b31; background-color: rgba(49,155,49,0.01);\">Devenez b\u00e9n\u00e9vole d\u00e8s maintenant<\/a>[\/qode_elements_holder_item][qode_elements_holder_item item_padding=\u00a0\u00bb0 25% 0 0&Prime; vertical_alignment=\u00a0\u00bbmiddle\u00a0\u00bb advanced_animations=\u00a0\u00bbno\u00a0\u00bb]<div class='q_icon_with_title medium normal_icon center'><div class=\"icon_holder \" style=\" \"><span data-icon-type=\"normal\"  data-icon-hover-color=\"#319b31\" style=\"\" class=\"qode_iwt_icon_holder q_font_awsome_icon fa-3x \"><i class=\"qode_icon_font_awesome fa fa-heart qode_iwt_icon_element\" style=\"color: #212121;\" ><\/i><\/span><\/div><div class=\"icon_text_holder\" style=\"\"><div class=\"icon_text_inner\" style=\"\"><h3 class=\"icon_title\" style=\"color: #319b31;\">Donnez d\u00e8s maintenant<\/h3><p style=''>par l\u2019interm\u00e9diaire de CanaDon.org<\/p><\/div><\/div><\/div><a  itemprop=\"url\" href=\"\/donate\/\" target=\"_self\" data-hover-background-color=#319b31 data-hover-border-color=#319b31 data-hover-color=#ffffff class=\"qbutton  default\" style=\"color: #319b31; border-color: #319b31; \">Donnez d\u00e8s maintenant<\/a>[\/qode_elements_holder_item][\/qode_elements_holder][\/vc_column][\/vc_row][vc_row css_animation=\u00a0\u00bb\u00a0\u00bb row_type=\u00a0\u00bbrow\u00a0\u00bb use_row_as_full_screen_section=\u00a0\u00bbno\u00a0\u00bb type=\u00a0\u00bbfull_width\u00a0\u00bb angled_section=\u00a0\u00bbno\u00a0\u00bb text_align=\u00a0\u00bbcenter\u00a0\u00bb background_image_as_pattern=\u00a0\u00bbwithout_pattern\u00a0\u00bb background_color=\u00a0\u00bb#ffffff\u00a0\u00bb side_padding=\u00a0\u00bb8&Prime; padding_top=\u00a0\u00bb70&Prime; padding_bottom=\u00a0\u00bb90&Prime; el_class=\u00a0\u00bbresources-row\u00a0\u00bb][vc_column][vc_column_text]<\/p>\n<h1>Ressources<\/h1>\n<p>Approche harmonieuse permettant d\u2019aborder les probl\u00e8mes auxquels notre collectivit\u00e9 fait face[\/vc_column_text][vc_separator type=\u00a0\u00bbtransparent\u00a0\u00bb thickness=\u00a0\u00bb40&Prime;][vc_row_inner row_type=\u00a0\u00bbrow\u00a0\u00bb type=\u00a0\u00bbfull_width\u00a0\u00bb text_align=\u00a0\u00bbleft\u00a0\u00bb css_animation=\u00a0\u00bb\u00a0\u00bb][vc_column_inner width=\u00a0\u00bb1\/2&Prime; offset=\u00a0\u00bbvc_col-lg-offset-0 vc_col-lg-3 vc_col-md-offset-0 vc_col-md-6 vc_col-sm-offset-0 vc_col-xs-12&Prime;]<div class='q_icon_with_title tiny circle left_from_title'><div class=\"icon_text_holder\" style=\"\"><div class=\"icon_text_inner\" style=\"\"><div class=\"icon_title_holder\"><div class=\"icon_holder \" style=\" \"><span data-icon-type=\"circle\" data-icon-hover-color=\"#ffffff\" data-icon-hover-bg-color=\"#4c3f89\" class=\"qode_iwt_icon_holder fa-stack fa-lg \" style=\"border-color: rgba(255,255,255,0.01);background-color: #3f3571;\"><i class=\"qode_icon_font_awesome fa fa-exclamation qode_iwt_icon_element\" style=\"color: #ffffff;\" ><\/i><\/span><\/div><h4 class=\"icon_title\" style=\"color: #212121;font-weight: 400;\">Interventions en situation traumatique<\/h4><\/div><p style=''><\/p><\/div><\/div><\/div>[vc_column_text]Comprendre les \u00e9tapes, les r\u00e9percussions et les r\u00e9actions lorsqu\u2019une personne r\u00e9agit face \u00e0 un incident traumatique.[\/vc_column_text][vc_separator type=\u00a0\u00bbtransparent\u00a0\u00bb thickness=\u00a0\u00bb20&Prime; up=\u00a0\u00bb0&Prime; down=\u00a0\u00bb0&Prime;]<a  itemprop=\"url\" href=\"\/resources\/#trauma\" target=\"_self\"  class=\"qbutton  default\" style=\"\">Apprenez-en davantage<\/a>[\/vc_column_inner][vc_column_inner width=\u00a0\u00bb1\/2&Prime; offset=\u00a0\u00bbvc_col-lg-offset-0 vc_col-lg-3 vc_col-md-offset-0 vc_col-md-6 vc_col-sm-offset-0 vc_col-xs-12&Prime;]<div class='q_icon_with_title tiny circle left_from_title'><div class=\"icon_text_holder\" style=\"\"><div class=\"icon_text_inner\" style=\"\"><div class=\"icon_title_holder\"><div class=\"icon_holder \" style=\" \"><span data-icon-type=\"circle\" data-icon-hover-color=\"#ffffff\" data-icon-hover-bg-color=\"#4c3f89\" class=\"qode_iwt_icon_holder fa-stack fa-lg \" style=\"border-color: rgba(255,255,255,0.01);background-color: #3f3571;\"><i class=\"qode_icon_font_awesome fa fa-street-view qode_iwt_icon_element\" style=\"color: #ffffff;\" ><\/i><\/span><\/div><h4 class=\"icon_title\" style=\"color: #212121;font-weight: 400;\">S\u2019en sortir seul<\/h4><\/div><p style=''><\/p><\/div><\/div><\/div>[vc_column_text]Apprenez comment faire face aux incidents tragiques sur les plans personnel, physique et psychologique.[\/vc_column_text][vc_separator type=\u00a0\u00bbtransparent\u00a0\u00bb thickness=\u00a0\u00bb20&Prime; up=\u00a0\u00bb0&Prime; down=\u00a0\u00bb0&Prime;]<a  itemprop=\"url\" href=\"\/resources\/#individual\" target=\"_self\"  class=\"qbutton  default\" style=\"\">Apprenez-en davantage<\/a>[\/vc_column_inner][vc_column_inner width=\u00a0\u00bb1\/2&Prime; offset=\u00a0\u00bbvc_col-lg-offset-0 vc_col-lg-3 vc_col-md-offset-0 vc_col-md-6 vc_col-sm-offset-0 vc_col-xs-12&Prime;]<div class='q_icon_with_title tiny circle left_from_title'><div class=\"icon_text_holder\" style=\"\"><div class=\"icon_text_inner\" style=\"\"><div class=\"icon_title_holder\"><div class=\"icon_holder \" style=\" \"><span data-icon-type=\"circle\" data-icon-hover-color=\"#ffffff\" data-icon-hover-bg-color=\"#4c3f89\" class=\"qode_iwt_icon_holder fa-stack fa-lg \" style=\"border-color: rgba(255,255,255,0.01);background-color: #3f3571;\"><i class=\"qode_icon_font_awesome fa fa-university qode_iwt_icon_element\" style=\"color: #ffffff;\" ><\/i><\/span><\/div><h4 class=\"icon_title\" style=\"color: #212121;font-weight: 400;\">Bailleurs de fonds et ressources<\/h4><\/div><p style=''><\/p><\/div><\/div><\/div>[vc_column_text]Nous mettons les personnes en relation avec les ressources les plus \u00e0 m\u00eame de r\u00e9pondre \u00e0 leurs besoins.[\/vc_column_text][vc_separator type=\u00a0\u00bbtransparent\u00a0\u00bb thickness=\u00a0\u00bb20&Prime; up=\u00a0\u00bb0&Prime; down=\u00a0\u00bb0&Prime;]<a  itemprop=\"url\" href=\"\/resources\/#funders\" target=\"_self\"  class=\"qbutton  default\" style=\"\">Apprenez-en davantage<\/a>[\/vc_column_inner][vc_column_inner width=\u00a0\u00bb1\/2&Prime; offset=\u00a0\u00bbvc_col-lg-offset-0 vc_col-lg-3 vc_col-md-offset-0 vc_col-md-6 vc_col-sm-offset-0 vc_col-xs-12&Prime;]<div class='q_icon_with_title tiny circle left_from_title'><div class=\"icon_text_holder\" style=\"\"><div class=\"icon_text_inner\" style=\"\"><div class=\"icon_title_holder\"><div class=\"icon_holder \" style=\" \"><span data-icon-type=\"circle\" data-icon-hover-color=\"#ffffff\" data-icon-hover-bg-color=\"#4c3f89\" class=\"qode_iwt_icon_holder fa-stack fa-lg \" style=\"border-color: rgba(255,255,255,0.01);background-color: #3f3571;\"><i class=\"qode_icon_font_awesome fa fa-link qode_iwt_icon_element\" style=\"color: #ffffff;\" ><\/i><\/span><\/div><h4 class=\"icon_title\" style=\"color: #212121;font-weight: 400;\">Liens utiles<\/h4><\/div><p style=''><\/p><\/div><\/div><\/div>[vc_column_text]Liens externes vers les services d\u2019aide tels que les soci\u00e9t\u00e9s\u00a0d\u2019aide\u00a0\u00e0\u00a0l\u2019enfance, les services juridiques et l\u2019aide financi\u00e8re.[\/vc_column_text][vc_separator type=\u00a0\u00bbtransparent\u00a0\u00bb thickness=\u00a0\u00bb20&Prime; up=\u00a0\u00bb0&Prime; down=\u00a0\u00bb0&Prime;]<a  itemprop=\"url\" href=\"\/resources\/#links\" target=\"_self\"  class=\"qbutton  default\" style=\"\">Apprenez-en davantage<\/a>[\/vc_column_inner][\/vc_row_inner][\/vc_column][\/vc_row][vc_row css_animation=\u00a0\u00bbelement_from_right\u00a0\u00bb row_type=\u00a0\u00bbrow\u00a0\u00bb use_row_as_full_screen_section=\u00a0\u00bbno\u00a0\u00bb type=\u00a0\u00bbfull_width\u00a0\u00bb angled_section=\u00a0\u00bbno\u00a0\u00bb text_align=\u00a0\u00bbleft\u00a0\u00bb background_image=\u00a0\u00bb1375&Prime; background_image_as_pattern=\u00a0\u00bbwithout_pattern\u00a0\u00bb padding_top=\u00a0\u00bb100&Prime; padding_bottom=\u00a0\u00bb100&Prime; el_class=\u00a0\u00bbneedhelp-row\u00a0\u00bb][vc_column css_animation=\u00a0\u00bbfadeInUp\u00a0\u00bb width=\u00a0\u00bb2\/3&Prime; offset=\u00a0\u00bbvc_col-lg-offset-4 vc_col-lg-8 vc_col-md-offset-4 vc_col-md-8 vc_col-sm-offset-4 vc_col-xs-12&Prime;]<div class=\"call_to_action with_icon\" style=\"\"><div class=\"two_columns_75_25 clearfix\"><div class=\"text_wrapper column1\"><div class=\"call_to_action_icon_holder\"><div class=\"call_to_action_icon\"><div class=\"call_to_action_icon_inner\"><i class='fa fa-phone-square pull-left . fa-3x'><\/i><\/div><\/div><\/div><div class=\"call_to_action_text \" style=\"\">\n<h3 style=\"color: #ffffff;\">Vous avez besoin d\u2019aide?<\/h3>\n<p style=\"color: #ffffff;\">Appelez-nous, au 905\u00a0953-5363 | Nous sommes \u00e0 votre disposition,<br \/>\n24 heures sur 24, 7 jours sur 7<\/p>\n<\/div><\/div><div class=\"button_wrapper column2\"><a itemprop=\"url\" href=\"\/contact-us\/\" class=\"qbutton white \" target=\"\" style=\"background-color: #3f3571;\"data-hover-background-color=#ffffff data-hover-border-color=#ffffff data-hover-color=#3f3571>Communiquez avec nous<\/a><\/div><\/div><\/div>[\/vc_column][\/vc_row]<\/p>\n","protected":false},"excerpt":{"rendered":"<p>[vc_row row_type=\u00a0\u00bbparallax\u00a0\u00bb parallax_content_width=\u00a0\u00bbin_grid\u00a0\u00bb anchor=\u00a0\u00bbabout\u00a0\u00bb text_align=\u00a0\u00bbleft\u00a0\u00bb background_image=\u00a0\u00bb1367&Prime; full_screen_section_height=\u00a0\u00bbno\u00a0\u00bb section_height=\u00a0\u00bb452&Prime;][vc_column css_animation=\u00a0\u00bbnone\u00a0\u00bb][vc_row_inner row_type=\u00a0\u00bbrow\u00a0\u00bb type=\u00a0\u00bbfull_width\u00a0\u00bb text_align=\u00a0\u00bbleft\u00a0\u00bb padding_top=\u00a0\u00bb80&Prime; padding_bottom=\u00a0\u00bb80&Prime; css_animation=\u00a0\u00bb\u00a0\u00bb][vc_column_inner width=\u00a0\u00bb1\/2&Prime;][vc_video link=\u00a0\u00bbhttps:\/\/youtu.be\/B-TFeAt0NP8&Prime;][\/vc_column_inner][vc_column_inner width=\u00a0\u00bb1\/2&Prime;][vc_column_text] \u00c0 propos de nous Services aux victimes de la r\u00e9gion de York est un organisme de bienfaisance \u00e0\u00a0but non lucratif\u00a0qui collabore avec la Police r\u00e9gionale de York&#8230;<\/p>\n","protected":false},"author":1,"featured_media":0,"parent":0,"menu_order":0,"comment_status":"closed","ping_status":"closed","template":"full_width.php","meta":[],"_links":{"self":[{"href":"https:\/\/www.victimservices-york.org\/fr\/wp-json\/wp\/v2\/pages\/1418"}],"collection":[{"href":"https:\/\/www.victimservices-york.org\/fr\/wp-json\/wp\/v2\/pages"}],"about":[{"href":"https:\/\/www.victimservices-york.org\/fr\/wp-json\/wp\/v2\/types\/page"}],"author":[{"embeddable":true,"href":"https:\/\/www.victimservices-york.org\/fr\/wp-json\/wp\/v2\/users\/1"}],"replies":[{"embeddable":true,"href":"https:\/\/www.victimservices-york.org\/fr\/wp-json\/wp\/v2\/comments?post=1418"}],"version-history":[{"count":11,"href":"https:\/\/www.victimservices-york.org\/fr\/wp-json\/wp\/v2\/pages\/1418\/revisions"}],"predecessor-version":[{"id":1429,"href":"https:\/\/www.victimservices-york.org\/fr\/wp-json\/wp\/v2\/pages\/1418\/revisions\/1429"}],"wp:attachment":[{"href":"https:\/\/www.victimservices-york.org\/fr\/wp-json\/wp\/v2\/media?parent=1418"}],"curies":[{"name":"wp","href":"https:\/\/api.w.org\/{rel}","templated":true}]}}